{"id":1330,"date":"2022-09-19T14:19:28","date_gmt":"2022-09-19T12:19:28","guid":{"rendered":"https:\/\/campingdulacbourgogne.com\/camping-in-beaujolais\/"},"modified":"2024-01-05T15:18:33","modified_gmt":"2024-01-05T14:18:33","slug":"camping-in-beaujolais","status":"publish","type":"page","link":"https:\/\/campingdulacbourgogne.com\/en\/camping-in-beaujolais\/","title":{"rendered":"Camping in Beaujolais"},"content":{"rendered":"\n<figure class=\"wp-block-image alignfull size-full\"><img width=\"1600\" height=\"1005\" src=\"https:\/\/campingdulacbourgogne.com\/wp-content\/uploads\/2022\/07\/camping-lac-saint-point-header-image-home-bis.jpg\" alt=\"\" class=\"wp-image-571\" srcset=\"https:\/\/campingdulacbourgogne.com\/wp-content\/uploads\/2022\/07\/camping-lac-saint-point-header-image-home-bis.jpg 1600w, https:\/\/campingdulacbourgogne.com\/wp-content\/uploads\/2022\/07\/camping-lac-saint-point-header-image-home-bis-300x188.jpg 300w, https:\/\/campingdulacbourgogne.com\/wp-content\/uploads\/2022\/07\/camping-lac-saint-point-header-image-home-bis-1024x643.jpg 1024w, https:\/\/campingdulacbourgogne.com\/wp-content\/uploads\/2022\/07\/camping-lac-saint-point-header-image-home-bis-768x482.jpg 768w, https:\/\/campingdulacbourgogne.com\/wp-content\/uploads\/2022\/07\/camping-lac-saint-point-header-image-home-bis-1536x965.jpg 1536w\" sizes=\"(max-width: 1600px) 100vw, 1600px\" \/><\/figure>\n\n\n\n<h1 class=\"has-text-align-center\" id=\"un-camping-en-bourgogne-3-etoiles-1\">Stay in a Beaujolais campsite at Lake Saint Point<\/h1>\n\n\n\n<p class=\"has-text-align-center\">Are you looking for a rental in a <strong>campsite in Beaujolais<\/strong> to combine nature and gastronomy during your next vacation? Choose our campsite on the shores of Lake Saint-Point! Our structure is located in a green setting in Sa\u00f4ne-et-Loire, close to many <strong>tourist attractions in Beaujolais and South Burgundy<\/strong>. So, you can organize a day of visits on the wine road after having enjoyed the activities of our establishment.<\/p>\n\n\n\n<section class=\"wp-container-69da74c14b3bb wp-block-group alignfull has-blanc-casse-background-color has-background\"><div class=\"wp-block-group__inner-container\">\n<div class=\"wp-block-columns\">\n<div class=\"wp-block-column\">\n<figure class=\"wp-block-image alignfull size-full deco--trait-droite pictos\"><img width=\"971\" height=\"616\" src=\"https:\/\/campingdulacbourgogne.com\/wp-content\/uploads\/2022\/07\/Profil.png\" alt=\"\" class=\"wp-image-684\" srcset=\"https:\/\/campingdulacbourgogne.com\/wp-content\/uploads\/2022\/07\/Profil.png 971w, https:\/\/campingdulacbourgogne.com\/wp-content\/uploads\/2022\/07\/Profil-300x190.png 300w, https:\/\/campingdulacbourgogne.com\/wp-content\/uploads\/2022\/07\/Profil-768x487.png 768w\" sizes=\"(max-width: 971px) 100vw, 971px\" \/><\/figure>\n<\/div>\n\n\n\n<div class=\"wp-block-column\">\n<h2 id=\"nos-locations-de-vacances-en-camping-pres-du-beaujolais\">Our vacation rentals in camping near Beaujolais<\/h2>\n\n\n\n<ul class=\"pictos\"><li><i class=\"fas fa-house\"><\/i>  Rentals: Departure before 10am<\/li><li><i class=\"fas fa-campground\"><\/i>  Location: Departure before 12:00<\/li><\/ul>\n\n\n\n<p>We offer a <a href=\"https:\/\/campingdulacbourgogne.com\/en\/lodging\/\" data-type=\"page\" data-id=\"518\">variety of accommodations<\/a> to satisfy all lovers of nature vacations. You will find a choice of <strong>chalets <\/strong>that can accommodate 4 to 5 people, <strong>mobile homes<\/strong> (2 or 3 bedrooms), <strong>lodge tents<\/strong> for optimal comfort close to nature and an original bivouac tent. Departures are before 12:00.<\/p>\n\n\n\n<p>For your comfort, all accommodations have a covered or semi-covered terrace with outdoor furniture. You will certainly find a <strong>rental adapted to your family<\/strong> and your budget at the Lac de Saint-Point campsite!<\/p>\n\n\n\n<div class=\"wp-container-69da74c14b06a wp-block-buttons\">\n<div class=\"wp-block-button btn_resa\"><a class=\"wp-block-button__link\"><i class=\"fas fa-search\"><\/i>  Book my stay !<\/a><\/div>\n\n\n\n<div class=\"wp-block-button btn_resa is-style-outline\"><a class=\"wp-block-button__link\" href=\"https:\/\/campingdulacbourgogne.com\/en\/lodging\/\"><i class=\"fas fa-home-heart\"><\/i>  Discover the rentals<\/a><\/div>\n<\/div>\n<\/div>\n<\/div>\n<\/div><\/section>\n\n\n\n<section class=\"wp-container-69da74c14bbc1 wp-block-group\"><div class=\"wp-block-group__inner-container\">\n<div class=\"wp-block-columns\">\n<div class=\"wp-block-column\">\n<h2 id=\"un-camping-en-beaujolais-et-bord-de-lac\">A campsite in Beaujolais and on the lake<\/h2>\n\n\n\n<p>Book a stay in our <strong>4 star campsite in the Beaujolais<\/strong>, it&#8217;s the guarantee to spend a relaxing or active vacation. A <a href=\"https:\/\/campingdulacbourgogne.com\/en\/lakefront\/\" data-type=\"page\" data-id=\"522\">lakeside<\/a> location allows you to benefit from all the advantages that a body of fresh water can provide:<\/p>\n\n\n\n<p>You will find a <strong>bathing place<\/strong> with pure and calm waters (no waves, no current) including a space to practice nautical activities such as pedal boats for a bucolic navigation in couple or in family.<\/p>\n\n\n\n<p>You will also benefit from a <strong>reserved fishing area<\/strong>, away from the bathers for more tranquility.<\/p>\n\n\n\n<p>The lake is particularly quiet, as it is forbidden to any motor vehicle. An immersion in the heart of nature with a breathtaking panorama wherever you are: on the terrace of your chalet or mobile home, by the lake or having an aperitif at the Guinguette.<\/p>\n\n\n\n<div class=\"wp-container-69da74c14b83b wp-block-buttons\">\n<div class=\"wp-block-button is-style-outline\"><a class=\"wp-block-button__link\" href=\"https:\/\/campingdulacbourgogne.com\/en\/lakefront\/\"><i class=\"fas fa-water\"><\/i>  By the lake<\/a><\/div>\n\n\n\n<div class=\"wp-block-button btn_galerie\"><a class=\"wp-block-button__link\" href=\"https:\/\/campingdulacbourgogne.com\/en\/photo-gallery\/\"><i class=\"fas fa-camera-retro\"><\/i>  Photo gallery<\/a><\/div>\n<\/div>\n<\/div>\n\n\n\n<div class=\"wp-block-column\">\n<figure class=\"wp-block-image alignfull size-full\"><img width=\"960\" height=\"540\" src=\"https:\/\/campingdulacbourgogne.com\/wp-content\/uploads\/2022\/07\/pdelas.jpg\" alt=\"\" class=\"wp-image-615\" srcset=\"https:\/\/campingdulacbourgogne.com\/wp-content\/uploads\/2022\/07\/pdelas.jpg 960w, https:\/\/campingdulacbourgogne.com\/wp-content\/uploads\/2022\/07\/pdelas-300x169.jpg 300w, https:\/\/campingdulacbourgogne.com\/wp-content\/uploads\/2022\/07\/pdelas-768x432.jpg 768w\" sizes=\"(max-width: 960px) 100vw, 960px\" \/><\/figure>\n<\/div>\n<\/div>\n<\/div><\/section>\n\n\n\n<section class=\"wp-container-69da74c14c8cd wp-block-group alignfull has-blanc-casse-background-color has-background\"><div class=\"wp-block-group__inner-container\">\n<h2 class=\"has-text-align-center deco--trait\" id=\"h2-un-camping-a-la-roche-de-solutre-avec-lac-de-baignadevous-souhaitez-voir-un-decor-dont-vous-vous-souviendrez-encore-longtemps-le-lac-saint-point-est-en-lui-meme-un-spectacle-d-une-rare-beaute-au-milieu-d-un-paysage-naturel-au-panorama-enchanteur-il-s-etend-sur-une-grande-distance-et-figure-parmi-les-plus-beaux-lacs-naturels-du-pays-l-envie-d-y-piquer-une-tete-sera-irresistible-car-son-eau-pure-et-cristalline-est-l-un-des-points-forts-du-lac-vous-n-y-verrez-ni-engin-a-moteur-ni-pollution-ce-qui-en-fait-un-vrai-paradis-pour-les-pecheurs-de-brochet-de-tanche-ou-de-gardon-et-si-vous-reviez-de-faire-du-pedalo-en-couple-ou-entre-amis-ce-sera-l-occasion-revee-a-moins-que-vous-ne-prefereriez-vous-initier-aux-sports-nautiques-comme-le-canoe-kayak\">Activities and services at the campsite<\/h2>\n\n\n\n<p class=\"has-text-align-center\">The Lac de Saint-Point, our <strong>campsite near the Beaujolais region<\/strong>, is a place designed to offer all our holidaymakers <a href=\"https:\/\/campingdulacbourgogne.com\/en\/activities\/\" data-type=\"page\" data-id=\"512\">family activities<\/a> during their stay.<\/p>\n\n\n\n<p class=\"has-text-align-center\">For the kids (and parents who like to play with their kids), go to the playground, or to the trampoline, basketball backboard, ping-pong table, foosball table, sofa and the common room where there is wifi access. For the parents, <strong>convivial evenings<\/strong> at <a href=\"https:\/\/campingdulacbourgogne.com\/en\/the-guinguette\/\" data-type=\"page\" data-id=\"524\">the Guinguette<\/a> are organized. Treat yourself to a good meal made with fresh local products, as well as a cabaret evening, concert or show (one animation per week in high season). <strong>All the shops are only 3km away<\/strong> from the campsite (bakery, butcher&#8217;s shop, pharmacy, supermarket &#8230;).<\/p>\n\n\n\n<p class=\"has-text-align-center\">To make life easier for all members of the family, we also provide you with :<\/p>\n\n\n\n<ul class=\"pictos-3 center has-bleu-color has-text-color\"><li><i class=\"fas fa-shop\"><\/i>  Grocery store with many local products to discover our region through its gastronomy (wines, honey, cheeses, etc.)<\/li><li><i class=\"fas fa-basket-shopping\"><\/i>  Picnic basket<\/li><li><i class=\"fas fa-french-fries\"><\/i>  French fry shack with sandwiches and ice cream for the hungry<\/li><li><i class=\"fas fa-baguette\"><\/i>  Bread and pastries to order<\/li><li><i class=\"fas fa-dog\"><\/i>  Shower for dogs<\/li><li><i class=\"fas fa-washing-machine\"><\/i>  Washing machine<\/li><\/ul>\n\n\n\n<div class=\"wp-container-69da74c14c04d wp-block-group has-blanc-casse-variante-background-color has-background\"><div class=\"wp-block-group__inner-container\">\n<h2 class=\"h3\" id=\"decouvrir-le-beaujolais-dans-le-rhone-et-en-sud-bourgogne\">Discover the Beaujolais in the Rh\u00f4ne and South Burgundy<\/h2>\n\n\n\n<p>Our <strong>campsite near the Beaujolais<\/strong> offers you the possibility to discover this famous vineyard with its many facets. Its production goes far beyond the commercial success of <strong>Beaujolais Nouveau<\/strong>. Its terroir is revealed in different ways to curious vacationers: by tasting, of course, but also by observing the magnificent landscapes shaped by its <strong>rows of vines<\/strong>.<\/p>\n\n\n\n<p>Organize one or more days of exploration by scheduling a tour including :<\/p>\n\n\n\n<ul><li>A stop at the Terrasse de Chiroubles : breathtaking panorama of the Beaujolais, the Rh\u00f4ne department and the Mont Brouilly. Cellar and store of local products at the top.<\/li><li>A tasting in a cellar, in Juli\u00e9nas (Rh\u00f4ne) or in Chaintr\u00e9 (Sa\u00f4ne-et-Loire).<\/li><li>A visit to a wine estate in La Chapelle-de-Guinchay (wine tourism).<\/li><\/ul>\n\n\n\n<p>All these points of interest are located within 30 minutes of our campsite. What to create a <strong>Beaujolais wine route<\/strong>, personalized and adapted to your desires!<\/p>\n<\/div><\/div>\n\n\n\n<div class=\"wp-container-69da74c14c3c8 wp-block-buttons\">\n<div class=\"wp-block-button is-style-outline\"><a class=\"wp-block-button__link\" href=\"https:\/\/campingdulacbourgogne.com\/en\/tourisme\/\"><i class=\"fas fa-binoculars\"><\/i>  See the surroundings<\/a><\/div>\n<\/div>\n\n\n\n<figure class=\"wp-block-gallery has-nested-images columns-4 is-cropped deco--cadre diaporama-mob\">\n<figure class=\"wp-block-image size-large\"><img width=\"840\" height=\"480\" src=\"https:\/\/campingdulacbourgogne.com\/wp-content\/uploads\/2022\/07\/patrimoine-pcubfc000v502eex-2.jpg\" alt=\"\" class=\"wp-image-835\" srcset=\"https:\/\/campingdulacbourgogne.com\/wp-content\/uploads\/2022\/07\/patrimoine-pcubfc000v502eex-2.jpg 840w, https:\/\/campingdulacbourgogne.com\/wp-content\/uploads\/2022\/07\/patrimoine-pcubfc000v502eex-2-300x171.jpg 300w, https:\/\/campingdulacbourgogne.com\/wp-content\/uploads\/2022\/07\/patrimoine-pcubfc000v502eex-2-768x439.jpg 768w\" sizes=\"(max-width: 840px) 100vw, 840px\" \/><\/figure>\n\n\n\n<figure class=\"wp-block-image size-large\"><img width=\"800\" height=\"600\" src=\"https:\/\/campingdulacbourgogne.com\/wp-content\/uploads\/2022\/07\/p1010809.jpg\" alt=\"\" class=\"wp-image-838\" srcset=\"https:\/\/campingdulacbourgogne.com\/wp-content\/uploads\/2022\/07\/p1010809.jpg 800w, https:\/\/campingdulacbourgogne.com\/wp-content\/uploads\/2022\/07\/p1010809-300x225.jpg 300w, https:\/\/campingdulacbourgogne.com\/wp-content\/uploads\/2022\/07\/p1010809-768x576.jpg 768w\" sizes=\"(max-width: 800px) 100vw, 800px\" \/><\/figure>\n\n\n\n<figure class=\"wp-block-image size-large\"><img width=\"550\" height=\"413\" src=\"https:\/\/campingdulacbourgogne.com\/wp-content\/uploads\/2022\/07\/hotel-restaurant-de-la.jpg\" alt=\"\" class=\"wp-image-841\" srcset=\"https:\/\/campingdulacbourgogne.com\/wp-content\/uploads\/2022\/07\/hotel-restaurant-de-la.jpg 550w, https:\/\/campingdulacbourgogne.com\/wp-content\/uploads\/2022\/07\/hotel-restaurant-de-la-300x225.jpg 300w\" sizes=\"(max-width: 550px) 100vw, 550px\" \/><\/figure>\n\n\n\n<figure class=\"wp-block-image size-large\"><img width=\"933\" height=\"700\" src=\"https:\/\/campingdulacbourgogne.com\/wp-content\/uploads\/2022\/07\/80L052941.jpg\" alt=\"\" class=\"wp-image-850\" srcset=\"https:\/\/campingdulacbourgogne.com\/wp-content\/uploads\/2022\/07\/80L052941.jpg 933w, https:\/\/campingdulacbourgogne.com\/wp-content\/uploads\/2022\/07\/80L052941-300x225.jpg 300w, https:\/\/campingdulacbourgogne.com\/wp-content\/uploads\/2022\/07\/80L052941-768x576.jpg 768w\" sizes=\"(max-width: 933px) 100vw, 933px\" \/><\/figure>\n\n\n\n<figure class=\"wp-block-image size-large\"><img width=\"640\" height=\"427\" src=\"https:\/\/campingdulacbourgogne.com\/wp-content\/uploads\/2022\/07\/markus-winkler-YG-mo7VvyhM-unsplash.jpg\" alt=\"\" class=\"wp-image-853\" srcset=\"https:\/\/campingdulacbourgogne.com\/wp-content\/uploads\/2022\/07\/markus-winkler-YG-mo7VvyhM-unsplash.jpg 640w, https:\/\/campingdulacbourgogne.com\/wp-content\/uploads\/2022\/07\/markus-winkler-YG-mo7VvyhM-unsplash-300x200.jpg 300w\" sizes=\"(max-width: 640px) 100vw, 640px\" \/><\/figure>\n\n\n\n<figure class=\"wp-block-image size-large\"><img width=\"800\" height=\"540\" src=\"https:\/\/campingdulacbourgogne.com\/wp-content\/uploads\/2022\/07\/83400efec7f9de5efb1d647aa51b6702.jpg\" alt=\"\" class=\"wp-image-784\" srcset=\"https:\/\/campingdulacbourgogne.com\/wp-content\/uploads\/2022\/07\/83400efec7f9de5efb1d647aa51b6702.jpg 800w, https:\/\/campingdulacbourgogne.com\/wp-content\/uploads\/2022\/07\/83400efec7f9de5efb1d647aa51b6702-300x203.jpg 300w, https:\/\/campingdulacbourgogne.com\/wp-content\/uploads\/2022\/07\/83400efec7f9de5efb1d647aa51b6702-768x518.jpg 768w\" sizes=\"(max-width: 800px) 100vw, 800px\" \/><\/figure>\n\n\n\n<figure class=\"wp-block-image size-large\"><img width=\"800\" height=\"533\" src=\"https:\/\/campingdulacbourgogne.com\/wp-content\/uploads\/2022\/07\/cormatin-chateau-de-cormatin-jardin-et-labyrinthe-saone-et-loire.jpg\" alt=\"\" class=\"wp-image-787\" srcset=\"https:\/\/campingdulacbourgogne.com\/wp-content\/uploads\/2022\/07\/cormatin-chateau-de-cormatin-jardin-et-labyrinthe-saone-et-loire.jpg 800w, https:\/\/campingdulacbourgogne.com\/wp-content\/uploads\/2022\/07\/cormatin-chateau-de-cormatin-jardin-et-labyrinthe-saone-et-loire-300x200.jpg 300w, https:\/\/campingdulacbourgogne.com\/wp-content\/uploads\/2022\/07\/cormatin-chateau-de-cormatin-jardin-et-labyrinthe-saone-et-loire-768x512.jpg 768w\" sizes=\"(max-width: 800px) 100vw, 800px\" \/><\/figure>\n<\/figure>\n<\/div><\/section>\n","protected":false},"excerpt":{"rendered":"<p>Stay in a Beaujolais campsite at Lake Saint Point Are you looking for a rental in a campsite in Beaujolais to combine nature and gastronomy during your next vacation? Choose our campsite on the shores of Lake Saint-Point! Our structure is located in a green setting in Sa\u00f4ne-et-Loire, close to many tourist attractions in Beaujolais [&hellip;]<\/p>\n","protected":false},"author":1,"featured_media":0,"parent":0,"menu_order":0,"comment_status":"closed","ping_status":"closed","template":"","meta":[],"acf":[],"_links":{"self":[{"href":"https:\/\/campingdulacbourgogne.com\/en\/wp-json\/wp\/v2\/pages\/1330"}],"collection":[{"href":"https:\/\/campingdulacbourgogne.com\/en\/wp-json\/wp\/v2\/pages"}],"about":[{"href":"https:\/\/campingdulacbourgogne.com\/en\/wp-json\/wp\/v2\/types\/page"}],"author":[{"embeddable":true,"href":"https:\/\/campingdulacbourgogne.com\/en\/wp-json\/wp\/v2\/users\/1"}],"replies":[{"embeddable":true,"href":"https:\/\/campingdulacbourgogne.com\/en\/wp-json\/wp\/v2\/comments?post=1330"}],"version-history":[{"count":4,"href":"https:\/\/campingdulacbourgogne.com\/en\/wp-json\/wp\/v2\/pages\/1330\/revisions"}],"predecessor-version":[{"id":2055,"href":"https:\/\/campingdulacbourgogne.com\/en\/wp-json\/wp\/v2\/pages\/1330\/revisions\/2055"}],"wp:attachment":[{"href":"https:\/\/campingdulacbourgogne.com\/en\/wp-json\/wp\/v2\/media?parent=1330"}],"curies":[{"name":"wp","href":"https:\/\/api.w.org\/{rel}","templated":true}]}}