{"id":1373,"date":"2022-09-19T14:24:27","date_gmt":"2022-09-19T12:24:27","guid":{"rendered":"https:\/\/campingdulacbourgogne.com\/the-rock-of-solutre\/"},"modified":"2022-09-19T14:24:29","modified_gmt":"2022-09-19T12:24:29","slug":"the-rock-of-solutre","status":"publish","type":"page","link":"https:\/\/campingdulacbourgogne.com\/en\/the-rock-of-solutre\/","title":{"rendered":"The Rock of Solutr\u00e9"},"content":{"rendered":"\n<figure class=\"wp-block-image alignfull size-full\"><img width=\"1600\" height=\"1005\" src=\"https:\/\/campingdulacbourgogne.com\/wp-content\/uploads\/2022\/07\/camping-lac-saint-point-header-image-home-bis.jpg\" alt=\"\" class=\"wp-image-571\" srcset=\"https:\/\/campingdulacbourgogne.com\/wp-content\/uploads\/2022\/07\/camping-lac-saint-point-header-image-home-bis.jpg 1600w, https:\/\/campingdulacbourgogne.com\/wp-content\/uploads\/2022\/07\/camping-lac-saint-point-header-image-home-bis-300x188.jpg 300w, https:\/\/campingdulacbourgogne.com\/wp-content\/uploads\/2022\/07\/camping-lac-saint-point-header-image-home-bis-1024x643.jpg 1024w, https:\/\/campingdulacbourgogne.com\/wp-content\/uploads\/2022\/07\/camping-lac-saint-point-header-image-home-bis-768x482.jpg 768w, https:\/\/campingdulacbourgogne.com\/wp-content\/uploads\/2022\/07\/camping-lac-saint-point-header-image-home-bis-1536x965.jpg 1536w\" sizes=\"(max-width: 1600px) 100vw, 1600px\" \/><\/figure>\n<h1 class=\"has-text-align-center\" id=\"un-camping-en-bourgogne-3-etoiles-1\">Camping at La Roche de Solutr\u00e9<\/h1>\n\n<p class=\"has-text-align-center\">Between calm, wild nature and cultural visits, come and spend a pleasant stay in our campsite in Burgundy in a superb region. Here, the air is pure, the water crystal clear and the forests green. What better way to enjoy the fresh air and recharge your batteries away from the hustle and bustle of life than to stay at a campsite at the Roche de Solutr\u00e9?<\/p>\n\n<section class=\"wp-container-69d42ac9cbad4 wp-block-group alignfull has-blanc-casse-background-color has-background\"><div class=\"wp-block-group__inner-container\">\n<div class=\"wp-block-columns\">\n<div class=\"wp-block-column\">\n<h2 id=\"location-mobil-home-roche-de-solutre\">Mobile home rental Roche de Solutr\u00e9<\/h2>\n\n\n\n<p>Whether you arrive by car, caravan, camper van or tent, you will find the right place for you at the Lac de Saint Point campsite. Our pitches are beautifully situated either under the trees, on the sunny meadow or directly on the lake.<\/p>\n\n\n\n<p class=\"txt_lireplus\">In any case, you can enjoy a large space for a quiet vacation, always with a breathtaking view of the lake.<\/p>\n\n\n\n<p class=\"txt_lireplus\">And for those who prefer comfort, you can find our mobile homes and chalets installed directly on the lake. You have everything a family or group of friends needs for an ideal camping vacation. Our accommodations can accommodate up to 6 people and have all the necessary equipment to provide you with optimal comfort during your stay in Burgundy.<\/p>\n\n\n\n<div class=\"wp-block-group lire-plus-mobile\"><div class=\"wp-block-group__inner-container\">\n<p>Read more<\/p>\n\n\n\n<div class=\"wp-container-69d42ac9cb3a0 wp-block-group\"><div class=\"wp-block-group__inner-container\">\n<p>In any case, you can enjoy a large space for a quiet vacation, always with a breathtaking view of the lake.<\/p>\n\n\n\n<p>And for those who prefer comfort, you can find our mobile homes and chalets installed directly on the lake. You have everything a family or group of friends needs for an ideal camping vacation. Our accommodations can accommodate up to 6 people and have all the necessary equipment to provide you with optimal comfort during your stay in Burgundy.<\/p>\n<\/div><\/div>\n<\/div><\/div>\n\n\n\n<div class=\"wp-container-69d42ac9cb74f wp-block-buttons\">\n<div class=\"wp-block-button btn_resa\"><a class=\"wp-block-button__link\"><i class=\"fas fa-search\"><\/i>  Book my stay !<\/a><\/div>\n\n\n\n<div class=\"wp-block-button btn_resa is-style-outline\"><a class=\"wp-block-button__link\" href=\"https:\/\/campingdulacbourgogne.com\/en\/lodging\/\"><i class=\"fas fa-home-heart\"><\/i>  Discover the rentals<\/a><\/div>\n<\/div>\n<\/div>\n\n\n\n<div class=\"wp-block-column\">\n<figure class=\"wp-block-image alignfull size-full deco--trait-droite\"><img width=\"1000\" height=\"750\" src=\"https:\/\/campingdulacbourgogne.com\/wp-content\/uploads\/2022\/07\/20210413_105308.jpg\" alt=\"\" class=\"wp-image-584\" srcset=\"https:\/\/campingdulacbourgogne.com\/wp-content\/uploads\/2022\/07\/20210413_105308.jpg 1000w, https:\/\/campingdulacbourgogne.com\/wp-content\/uploads\/2022\/07\/20210413_105308-300x225.jpg 300w, https:\/\/campingdulacbourgogne.com\/wp-content\/uploads\/2022\/07\/20210413_105308-768x576.jpg 768w\" sizes=\"(max-width: 1000px) 100vw, 1000px\" \/><\/figure><\/div>\n<\/div>\n<\/div><\/section>\n\n<section class=\"wp-container-69d42ac9cc64b wp-block-group\"><div class=\"wp-block-group__inner-container\">\n<h2 id=\"services-et-activites\">Services and activities<\/h2>\n\n\n\n<div class=\"wp-block-columns\">\n<div class=\"wp-block-column\">\n<p>The camping vacations will allow you to exchange old stories in front of a campfire or to finish the evening with your relatives on the terrace of the mobile home around a good meal made of local products.<\/p>\n\n\n\n<p class=\"txt_lireplus\">To entertain you during your stay in our establishment we give you an appointment in our bar-restaurant &#8220;La Guinguette&#8221;. This will be an opportunity to taste the culinary specialties of the region and to do some tasting among our selection of local wines. Once a week you can even vibrate to the rhythm of the music and organized activities.<\/p>\n\n\n\n<p class=\"txt_lireplus\">On site, services will accompany you throughout your stay to make your life easier at the Roche de Solutr\u00e9 campsite! You will find for example a grocery store, a washing machine and a fresh bread and pastry order service.<\/p>\n<\/div>\n\n\n\n<div class=\"wp-block-column\">\n<p class=\"txt_lireplus\">Outdoor activities will also enhance your stay. Visit Lamartine&#8217;s castle in Saint-Point, which will allow you to walk in the footsteps of the most illustrious of the romantic poets. And if you are a fan of Romanesque art, South Burgundy has an impressive Romanesque architectural heritage. There are also many hiking and biking opportunities in the surrounding hilly landscape. And of course, as in much of the Franche-Comt\u00e9 region, the local cuisine always attracts some taste buds in search of new experiences.<\/p>\n\n\n\n<div class=\"wp-block-group lire-plus-mobile\"><div class=\"wp-block-group__inner-container\">\n<p>Read more<\/p>\n\n\n\n<div class=\"wp-container-69d42ac9cbfa4 wp-block-group\"><div class=\"wp-block-group__inner-container\">\n<p>To entertain you during your stay in our establishment we give you an appointment in our bar-restaurant &#8220;La Guinguette&#8221;. This will be an opportunity to taste the culinary specialties of the region and to do some tasting among our selection of local wines. Once a week you can even vibrate to the rhythm of the music and organized activities.<\/p>\n\n\n\n<p>On site, services will accompany you throughout your stay to make your life easier at the Roche de Solutr\u00e9 campsite! You will find for example a grocery store, a washing machine and a fresh bread and pastry order service.<\/p>\n\n\n\n<p>Outdoor activities will also enhance your stay. Visit Lamartine&#8217;s castle in Saint-Point, which will allow you to walk in the footsteps of the most illustrious of the romantic poets. And if you are a fan of Romanesque art, South Burgundy has an impressive Romanesque architectural heritage. There are also many hiking and biking opportunities in the surrounding hilly landscape. And of course, as in much of the Franche-Comt\u00e9 region, the local cuisine always attracts some taste buds in search of new experiences.<\/p>\n<\/div><\/div>\n<\/div><\/div>\n\n\n\n<div class=\"wp-container-69d42ac9cc317 wp-block-buttons\">\n<div class=\"wp-block-button is-style-outline\"><a class=\"wp-block-button__link\" href=\"https:\/\/campingdulacbourgogne.com\/en\/activities\/\"><i class=\"fas fa-person-sledding\"><\/i>  See the activities<\/a><\/div>\n\n\n\n<div class=\"wp-block-button btn_galerie\"><a class=\"wp-block-button__link\" href=\"https:\/\/campingdulacbourgogne.com\/en\/photo-gallery\/\"><i class=\"fas fa-camera-retro\"><\/i>  Photo gallery<\/a><\/div>\n<\/div>\n<\/div>\n<\/div>\n<\/div><\/section>\n\n<section class=\"wp-container-69d42ac9cd3a8 wp-block-group alignfull has-blanc-casse-background-color has-background\"><div class=\"wp-block-group__inner-container\">\n<h2 class=\"has-text-align-center deco--trait\" id=\"h2-un-camping-a-la-roche-de-solutre-avec-lac-de-baignadevous-souhaitez-voir-un-decor-dont-vous-vous-souviendrez-encore-longtemps-le-lac-saint-point-est-en-lui-meme-un-spectacle-d-une-rare-beaute-au-milieu-d-un-paysage-naturel-au-panorama-enchanteur-il-s-etend-sur-une-grande-distance-et-figure-parmi-les-plus-beaux-lacs-naturels-du-pays-l-envie-d-y-piquer-une-tete-sera-irresistible-car-son-eau-pure-et-cristalline-est-l-un-des-points-forts-du-lac-vous-n-y-verrez-ni-engin-a-moteur-ni-pollution-ce-qui-en-fait-un-vrai-paradis-pour-les-pecheurs-de-brochet-de-tanche-ou-de-gardon-et-si-vous-reviez-de-faire-du-pedalo-en-couple-ou-entre-amis-ce-sera-l-occasion-revee-a-moins-que-vous-ne-prefereriez-vous-initier-aux-sports-nautiques-comme-le-canoe-kayak\">A campsite at the Roche de Solutr\u00e9 with a swimming lake<\/h2>\n\n\n\n<p class=\"has-text-align-center\" id=\"h2-un-camping-a-la-roche-de-solutre-avec-lac-de-baignadevous-souhaitez-voir-un-decor-dont-vous-vous-souviendrez-encore-longtemps-le-lac-saint-point-est-en-lui-meme-un-spectacle-d-une-rare-beaute-au-milieu-d-un-paysage-naturel-au-panorama-enchanteur-il-s-etend-sur-une-grande-distance-et-figure-parmi-les-plus-beaux-lacs-naturels-du-pays-l-envie-d-y-piquer-une-tete-sera-irresistible-car-son-eau-pure-et-cristalline-est-l-un-des-points-forts-du-lac-vous-n-y-verrez-ni-engin-a-moteur-ni-pollution-ce-qui-en-fait-un-vrai-paradis-pour-les-pecheurs-de-brochet-de-tanche-ou-de-gardon-et-si-vous-reviez-de-faire-du-pedalo-en-couple-ou-entre-amis-ce-sera-l-occasion-revee-a-moins-que-vous-ne-prefereriez-vous-initier-aux-sports-nautiques-comme-le-canoe-kayak\">Want to see a setting you&#8217;ll remember for a long time? Lake Saint-Point is in itself a spectacle of rare beauty in the middle of a natural landscape with an enchanting panorama. It extends over a great distance and is one of the most beautiful natural lakes in the country.<\/p>\n\n\n\n<p class=\"has-text-align-center\" id=\"h2-un-camping-a-la-roche-de-solutre-avec-lac-de-baignadevous-souhaitez-voir-un-decor-dont-vous-vous-souviendrez-encore-longtemps-le-lac-saint-point-est-en-lui-meme-un-spectacle-d-une-rare-beaute-au-milieu-d-un-paysage-naturel-au-panorama-enchanteur-il-s-etend-sur-une-grande-distance-et-figure-parmi-les-plus-beaux-lacs-naturels-du-pays-l-envie-d-y-piquer-une-tete-sera-irresistible-car-son-eau-pure-et-cristalline-est-l-un-des-points-forts-du-lac-vous-n-y-verrez-ni-engin-a-moteur-ni-pollution-ce-qui-en-fait-un-vrai-paradis-pour-les-pecheurs-de-brochet-de-tanche-ou-de-gardon-et-si-vous-reviez-de-faire-du-pedalo-en-couple-ou-entre-amis-ce-sera-l-occasion-revee-a-moins-que-vous-ne-prefereriez-vous-initier-aux-sports-nautiques-comme-le-canoe-kayak\">The desire to take a dip will be irresistible, as its pure and crystal clear water is one of the highlights of the lake. You will not see any motorized vehicles or pollution, which makes it a real paradise for pike, tench or roach fishermen. And if you dreamed of going pedal boating as a couple or with friends, this will be the perfect opportunity. Unless you prefer to try water sports such as canoeing and kayaking.<\/p>\n\n\n\n<div class=\"wp-block-columns has-blanc-casse-variante-background-color has-background\">\n<div class=\"wp-block-column\">\n<h2 class=\"h3\" id=\"decouvrir-la-roche-de-solutre\">Discover the Roche de Solutr\u00e9<\/h2>\n\n\n\n<p>A camping vacation at the Roche de Solutr\u00e9, at the Lac de Saint-Point, is also an excellent starting point for a wide range of leisure activities in the surrounding area. You can let yourself be tempted by the ascent of the Roche Solutr\u00e9 ? In the heart of the great Solutr\u00e9 Pouilly Verguisson site, the Roche de Solutr\u00e9 is nothing less than one of the most popular destinations in the region.  <\/p>\n\n\n\n<p class=\"txt_lireplus\">Not only for its unmissable hiking trails, but also for its 360 \u030a view of the Pouilly- Fuiss\u00e9 vineyards, the M\u00e2connais mountains and the Val-de-Sa\u00f4ne landscape. But to do that, you have to get to the top. Despite a 100m difference in altitude, at the start of the course, the climb is gentle and you can therefore take up the challenge with your family. Once there, learn more about the history of the Roche de Solutr\u00e9 from prehistoric times to the ascensions of former president Fran\u00e7ois Mitterand.<\/p>\n<\/div>\n\n\n\n<div class=\"wp-block-column\">\n<p class=\"txt_lireplus\">Finally, as a reward, enjoy a glass of one of the Burgundian grape varieties. And to finish in beauty, go to the prehistoric museum of Solutr\u00e9 to make culture and raise the veil on the legends which surround this mythical rock.<\/p>\n\n\n\n<p class=\"txt_lireplus\">Finally, if you wish to appreciate the site of the Roche de Solutr\u00e9 from a different angle, go to the surrounding villages to enjoy a unique view of this imposing limestone edifice.<\/p>\n\n\n\n<div class=\"wp-block-group lire-plus-mobile\"><div class=\"wp-block-group__inner-container\">\n<p>Read more<\/p>\n\n\n\n<div class=\"wp-container-69d42ac9ccb35 wp-block-group\"><div class=\"wp-block-group__inner-container\">\n<p>Not only for its unmissable hiking trails, but also for its 360 \u030a view of the Pouilly- Fuiss\u00e9 vineyards, the M\u00e2connais mountains and the Val-de-Sa\u00f4ne landscape. But to do that, you have to get to the top. Despite a 100m difference in altitude, at the start of the course, the climb is gentle and you can therefore take up the challenge with your family. Once there, learn more about the history of the Roche de Solutr\u00e9 from prehistoric times to the ascensions of former president Fran\u00e7ois Mitterand.<\/p>\n\n\n\n<p>Finally, as a reward, enjoy a glass of one of the Burgundian grape varieties. And to finish in beauty, go to the prehistoric museum of Solutr\u00e9 to make culture and raise the veil on the legends which surround this mythical rock.<\/p>\n\n\n\n<p>Finally, if you wish to appreciate the site of the Roche de Solutr\u00e9 from a different angle, go to the surrounding villages to enjoy a unique view of this imposing limestone edifice.<\/p>\n<\/div><\/div>\n<\/div><\/div>\n<\/div>\n<\/div>\n\n\n\n<div class=\"wp-container-69d42ac9ccece wp-block-buttons\">\n<div class=\"wp-block-button is-style-outline\"><a class=\"wp-block-button__link\" href=\"https:\/\/campingdulacbourgogne.com\/en\/tourisme\/\"><i class=\"fas fa-binoculars\"><\/i>  See the surroundings<\/a><\/div>\n<\/div>\n\n\n\n<figure class=\"wp-block-gallery has-nested-images columns-4 is-cropped deco--cadre diaporama-mob\">\n<figure class=\"wp-block-image size-large\"><img width=\"840\" height=\"480\" src=\"https:\/\/campingdulacbourgogne.com\/wp-content\/uploads\/2022\/07\/patrimoine-pcubfc000v502eex-2.jpg\" alt=\"\" class=\"wp-image-835\" srcset=\"https:\/\/campingdulacbourgogne.com\/wp-content\/uploads\/2022\/07\/patrimoine-pcubfc000v502eex-2.jpg 840w, https:\/\/campingdulacbourgogne.com\/wp-content\/uploads\/2022\/07\/patrimoine-pcubfc000v502eex-2-300x171.jpg 300w, https:\/\/campingdulacbourgogne.com\/wp-content\/uploads\/2022\/07\/patrimoine-pcubfc000v502eex-2-768x439.jpg 768w\" sizes=\"(max-width: 840px) 100vw, 840px\" \/><\/figure>\n\n\n<figure class=\"wp-block-image size-large\"><img width=\"800\" height=\"600\" src=\"https:\/\/campingdulacbourgogne.com\/wp-content\/uploads\/2022\/07\/p1010809.jpg\" alt=\"\" class=\"wp-image-838\" srcset=\"https:\/\/campingdulacbourgogne.com\/wp-content\/uploads\/2022\/07\/p1010809.jpg 800w, https:\/\/campingdulacbourgogne.com\/wp-content\/uploads\/2022\/07\/p1010809-300x225.jpg 300w, https:\/\/campingdulacbourgogne.com\/wp-content\/uploads\/2022\/07\/p1010809-768x576.jpg 768w\" sizes=\"(max-width: 800px) 100vw, 800px\" \/><\/figure>\n\n\n<figure class=\"wp-block-image size-large\"><img width=\"550\" height=\"413\" src=\"https:\/\/campingdulacbourgogne.com\/wp-content\/uploads\/2022\/07\/hotel-restaurant-de-la.jpg\" alt=\"\" class=\"wp-image-841\" srcset=\"https:\/\/campingdulacbourgogne.com\/wp-content\/uploads\/2022\/07\/hotel-restaurant-de-la.jpg 550w, https:\/\/campingdulacbourgogne.com\/wp-content\/uploads\/2022\/07\/hotel-restaurant-de-la-300x225.jpg 300w\" sizes=\"(max-width: 550px) 100vw, 550px\" \/><\/figure>\n\n\n<figure class=\"wp-block-image size-large\"><img width=\"933\" height=\"700\" src=\"https:\/\/campingdulacbourgogne.com\/wp-content\/uploads\/2022\/07\/80L052941.jpg\" alt=\"\" class=\"wp-image-850\" srcset=\"https:\/\/campingdulacbourgogne.com\/wp-content\/uploads\/2022\/07\/80L052941.jpg 933w, https:\/\/campingdulacbourgogne.com\/wp-content\/uploads\/2022\/07\/80L052941-300x225.jpg 300w, https:\/\/campingdulacbourgogne.com\/wp-content\/uploads\/2022\/07\/80L052941-768x576.jpg 768w\" sizes=\"(max-width: 933px) 100vw, 933px\" \/><\/figure>\n\n\n<figure class=\"wp-block-image size-large\"><img width=\"640\" height=\"427\" src=\"https:\/\/campingdulacbourgogne.com\/wp-content\/uploads\/2022\/07\/markus-winkler-YG-mo7VvyhM-unsplash.jpg\" alt=\"\" class=\"wp-image-853\" srcset=\"https:\/\/campingdulacbourgogne.com\/wp-content\/uploads\/2022\/07\/markus-winkler-YG-mo7VvyhM-unsplash.jpg 640w, https:\/\/campingdulacbourgogne.com\/wp-content\/uploads\/2022\/07\/markus-winkler-YG-mo7VvyhM-unsplash-300x200.jpg 300w\" sizes=\"(max-width: 640px) 100vw, 640px\" \/><\/figure>\n\n\n<figure class=\"wp-block-image size-large\"><img width=\"800\" height=\"540\" src=\"https:\/\/campingdulacbourgogne.com\/wp-content\/uploads\/2022\/07\/83400efec7f9de5efb1d647aa51b6702.jpg\" alt=\"\" class=\"wp-image-784\" srcset=\"https:\/\/campingdulacbourgogne.com\/wp-content\/uploads\/2022\/07\/83400efec7f9de5efb1d647aa51b6702.jpg 800w, https:\/\/campingdulacbourgogne.com\/wp-content\/uploads\/2022\/07\/83400efec7f9de5efb1d647aa51b6702-300x203.jpg 300w, https:\/\/campingdulacbourgogne.com\/wp-content\/uploads\/2022\/07\/83400efec7f9de5efb1d647aa51b6702-768x518.jpg 768w\" sizes=\"(max-width: 800px) 100vw, 800px\" \/><\/figure>\n\n\n<figure class=\"wp-block-image size-large\"><img width=\"800\" height=\"533\" src=\"https:\/\/campingdulacbourgogne.com\/wp-content\/uploads\/2022\/07\/cormatin-chateau-de-cormatin-jardin-et-labyrinthe-saone-et-loire.jpg\" alt=\"\" class=\"wp-image-787\" srcset=\"https:\/\/campingdulacbourgogne.com\/wp-content\/uploads\/2022\/07\/cormatin-chateau-de-cormatin-jardin-et-labyrinthe-saone-et-loire.jpg 800w, https:\/\/campingdulacbourgogne.com\/wp-content\/uploads\/2022\/07\/cormatin-chateau-de-cormatin-jardin-et-labyrinthe-saone-et-loire-300x200.jpg 300w, https:\/\/campingdulacbourgogne.com\/wp-content\/uploads\/2022\/07\/cormatin-chateau-de-cormatin-jardin-et-labyrinthe-saone-et-loire-768x512.jpg 768w\" sizes=\"(max-width: 800px) 100vw, 800px\" \/><\/figure><\/figure>\n<\/div><\/section>\n","protected":false},"excerpt":{"rendered":"<p>Camping at La Roche de Solutr\u00e9 Between calm, wild nature and cultural visits, come and spend a pleasant stay in our campsite in Burgundy in a superb region. Here, the air is pure, the water crystal clear and the forests green. What better way to enjoy the fresh air and recharge your batteries away from [&hellip;]<\/p>\n","protected":false},"author":1,"featured_media":0,"parent":0,"menu_order":0,"comment_status":"closed","ping_status":"closed","template":"","meta":[],"acf":[],"_links":{"self":[{"href":"https:\/\/campingdulacbourgogne.com\/en\/wp-json\/wp\/v2\/pages\/1373"}],"collection":[{"href":"https:\/\/campingdulacbourgogne.com\/en\/wp-json\/wp\/v2\/pages"}],"about":[{"href":"https:\/\/campingdulacbourgogne.com\/en\/wp-json\/wp\/v2\/types\/page"}],"author":[{"embeddable":true,"href":"https:\/\/campingdulacbourgogne.com\/en\/wp-json\/wp\/v2\/users\/1"}],"replies":[{"embeddable":true,"href":"https:\/\/campingdulacbourgogne.com\/en\/wp-json\/wp\/v2\/comments?post=1373"}],"version-history":[{"count":3,"href":"https:\/\/campingdulacbourgogne.com\/en\/wp-json\/wp\/v2\/pages\/1373\/revisions"}],"predecessor-version":[{"id":1376,"href":"https:\/\/campingdulacbourgogne.com\/en\/wp-json\/wp\/v2\/pages\/1373\/revisions\/1376"}],"wp:attachment":[{"href":"https:\/\/campingdulacbourgogne.com\/en\/wp-json\/wp\/v2\/media?parent=1373"}],"curies":[{"name":"wp","href":"https:\/\/api.w.org\/{rel}","templated":true}]}}