{"id":1389,"date":"2022-09-19T14:28:13","date_gmt":"2022-09-19T12:28:13","guid":{"rendered":"https:\/\/campingdulacbourgogne.com\/values-environment\/"},"modified":"2024-01-05T15:18:09","modified_gmt":"2024-01-05T14:18:09","slug":"values-environment","status":"publish","type":"page","link":"https:\/\/campingdulacbourgogne.com\/en\/values-environment\/","title":{"rendered":"Values &amp; Environment"},"content":{"rendered":"\n<figure class=\"wp-block-image alignfull size-full\"><img width=\"1600\" height=\"1005\" src=\"https:\/\/campingdulacbourgogne.com\/wp-content\/uploads\/2022\/07\/camping-lac-saint-point-header-image-home-bis.jpg\" alt=\"\" class=\"wp-image-571\" srcset=\"https:\/\/campingdulacbourgogne.com\/wp-content\/uploads\/2022\/07\/camping-lac-saint-point-header-image-home-bis.jpg 1600w, https:\/\/campingdulacbourgogne.com\/wp-content\/uploads\/2022\/07\/camping-lac-saint-point-header-image-home-bis-300x188.jpg 300w, https:\/\/campingdulacbourgogne.com\/wp-content\/uploads\/2022\/07\/camping-lac-saint-point-header-image-home-bis-1024x643.jpg 1024w, https:\/\/campingdulacbourgogne.com\/wp-content\/uploads\/2022\/07\/camping-lac-saint-point-header-image-home-bis-768x482.jpg 768w, https:\/\/campingdulacbourgogne.com\/wp-content\/uploads\/2022\/07\/camping-lac-saint-point-header-image-home-bis-1536x965.jpg 1536w\" sizes=\"(max-width: 1600px) 100vw, 1600px\" \/><\/figure>\n\n\n\n<section class=\"wp-container-69dc5a63a5735 wp-block-group\"><div class=\"wp-block-group__inner-container\">\n<div class=\"wp-block-columns\">\n<div class=\"wp-block-column\">\n<figure class=\"wp-block-gallery alignfull has-nested-images columns-3 is-cropped deco--cadre-gauche diaporama-mob\">\n<figure class=\"wp-block-image size-large\"><img width=\"1024\" height=\"768\" src=\"https:\/\/campingdulacbourgogne.com\/wp-content\/uploads\/2022\/09\/Bandeau-3-1024x768.jpg\" alt=\"\" class=\"wp-image-1052\" srcset=\"https:\/\/campingdulacbourgogne.com\/wp-content\/uploads\/2022\/09\/Bandeau-3-1024x768.jpg 1024w, https:\/\/campingdulacbourgogne.com\/wp-content\/uploads\/2022\/09\/Bandeau-3-300x225.jpg 300w, https:\/\/campingdulacbourgogne.com\/wp-content\/uploads\/2022\/09\/Bandeau-3-768x576.jpg 768w, https:\/\/campingdulacbourgogne.com\/wp-content\/uploads\/2022\/09\/Bandeau-3.jpg 1440w\" sizes=\"(max-width: 1024px) 100vw, 1024px\" \/><\/figure>\n\n\n\n<figure class=\"wp-block-image size-full\"><img width=\"600\" height=\"400\" src=\"https:\/\/campingdulacbourgogne.com\/wp-content\/uploads\/2022\/07\/emplacement-caravaning-saint-point.jpg\" alt=\"\" class=\"wp-image-586\" srcset=\"https:\/\/campingdulacbourgogne.com\/wp-content\/uploads\/2022\/07\/emplacement-caravaning-saint-point.jpg 600w, https:\/\/campingdulacbourgogne.com\/wp-content\/uploads\/2022\/07\/emplacement-caravaning-saint-point-300x200.jpg 300w\" sizes=\"(max-width: 600px) 100vw, 600px\" \/><\/figure>\n\n\n\n<figure class=\"wp-block-image size-large\"><img width=\"1024\" height=\"683\" src=\"https:\/\/campingdulacbourgogne.com\/wp-content\/uploads\/2022\/09\/Bandeau-pic-4-1024x683.jpg\" alt=\"\" class=\"wp-image-1011\" srcset=\"https:\/\/campingdulacbourgogne.com\/wp-content\/uploads\/2022\/09\/Bandeau-pic-4-1024x683.jpg 1024w, https:\/\/campingdulacbourgogne.com\/wp-content\/uploads\/2022\/09\/Bandeau-pic-4-300x200.jpg 300w, https:\/\/campingdulacbourgogne.com\/wp-content\/uploads\/2022\/09\/Bandeau-pic-4-768x512.jpg 768w, https:\/\/campingdulacbourgogne.com\/wp-content\/uploads\/2022\/09\/Bandeau-pic-4-1536x1024.jpg 1536w, https:\/\/campingdulacbourgogne.com\/wp-content\/uploads\/2022\/09\/Bandeau-pic-4.jpg 1920w\" sizes=\"(max-width: 1024px) 100vw, 1024px\" \/><\/figure>\n\n\n\n<figure class=\"wp-block-image size-large\"><img width=\"1024\" height=\"576\" src=\"https:\/\/campingdulacbourgogne.com\/wp-content\/uploads\/2022\/09\/Bandeau-pic1-1024x576.jpg\" alt=\"\" class=\"wp-image-1013\" srcset=\"https:\/\/campingdulacbourgogne.com\/wp-content\/uploads\/2022\/09\/Bandeau-pic1-1024x576.jpg 1024w, https:\/\/campingdulacbourgogne.com\/wp-content\/uploads\/2022\/09\/Bandeau-pic1-300x169.jpg 300w, https:\/\/campingdulacbourgogne.com\/wp-content\/uploads\/2022\/09\/Bandeau-pic1-768x432.jpg 768w, https:\/\/campingdulacbourgogne.com\/wp-content\/uploads\/2022\/09\/Bandeau-pic1-1536x864.jpg 1536w, https:\/\/campingdulacbourgogne.com\/wp-content\/uploads\/2022\/09\/Bandeau-pic1-2048x1152.jpg 2048w, https:\/\/campingdulacbourgogne.com\/wp-content\/uploads\/2022\/09\/Bandeau-pic1-1920x1080.jpg 1920w\" sizes=\"(max-width: 1024px) 100vw, 1024px\" \/><\/figure>\n<\/figure>\n<\/div>\n\n\n\n<div class=\"wp-block-column\">\n<h2 id=\"bienvenue-en-bourgogne-du-sud-au-camping-du-lac-de-saint-point\"><strong>A 4-star campsite for well-being and an invitation to laziness<\/strong><\/h2>\n\n\n\n<p class=\"h3\">With us, whatever you want, you can sleep well.<\/p>\n\n\n\n<p>Whether you enjoy <strong>the comfort of a cottage<\/strong> overlooking our beautiful valley, or prefer the adventure of camping in a caravan or pitching your tent in the shade on our <strong>spacious and shaded sites<\/strong>, this is your home away from <strong>home<\/strong>.<\/p>\n\n\n\n<p>Cutting yourself off from the world to sleep under the stars is more than a vacation, it&#8217;s a state of mind, a special moment when time slows down. Here, nature inspires you. Our lake is a living and recreational space for the whole family. Calmness and serenity are the key words: we invite you to cut yourself off from the world in order to <strong>experience a restful and relaxing vacation<\/strong>.<\/p>\n<\/div>\n<\/div>\n<\/div><\/section>\n\n\n\n<section class=\"wp-container-69dc5a63a5bc4 wp-block-group deco--cadre label has-blanc-casse-variante-background-color has-background\"><div class=\"wp-block-group__inner-container\">\n<div class=\"wp-block-columns\">\n<div class=\"wp-block-column\">\n<div class=\"wp-block-image darken\"><figure class=\"aligncenter size-full\"><img width=\"512\" height=\"512\" src=\"https:\/\/campingdulacbourgogne.com\/wp-content\/uploads\/2022\/07\/24431993.jpg\" alt=\"\" class=\"wp-image-686\" srcset=\"https:\/\/campingdulacbourgogne.com\/wp-content\/uploads\/2022\/07\/24431993.jpg 512w, https:\/\/campingdulacbourgogne.com\/wp-content\/uploads\/2022\/07\/24431993-300x300.jpg 300w, https:\/\/campingdulacbourgogne.com\/wp-content\/uploads\/2022\/07\/24431993-150x150.jpg 150w\" sizes=\"(max-width: 512px) 100vw, 512px\" \/><\/figure><\/div>\n<\/div>\n\n\n\n<div class=\"wp-block-column\">\n<h2 id=\"un-etablissement-ecologique-et-ethique\">A quality-labeled campground<\/h2>\n\n\n\n<p>Quality has always been at the heart of our DNA and our commitment: to offer you the best stay.  <\/p>\n\n\n\n<p>This is why we decided in 2020 to obtain the Quality Camping Label by committing ourselves to respect more than 650 criteria. A mystery auditor came to the campsite in July without our knowledge, stayed one night and secretly checked all our services.<\/p>\n\n\n\n<p>The Camping Qualit\u00e9 association was created by the F\u00e9d\u00e9ration Nationale d&#8217;H\u00f4tellerie de Plein Air and consumer representatives (F.F.C.), with the support of the Secretary of State for Tourism.<\/p>\n<\/div>\n<\/div>\n<\/div><\/section>\n\n\n\n<div class=\"wp-block-cover alignfull F-00-a\"><span aria-hidden=\"true\" class=\"has-vert-background-color wp-block-cover__gradient-background has-background-dim\"><\/span><img width=\"2560\" height=\"495\" class=\"wp-block-cover__image-background wp-image-589\" alt=\"\" src=\"https:\/\/campingdulacbourgogne.com\/wp-content\/uploads\/2022\/07\/camping-lac-saint-point-header-image-home-bis-2-scaled.jpg\" data-object-fit=\"cover\" srcset=\"https:\/\/campingdulacbourgogne.com\/wp-content\/uploads\/2022\/07\/camping-lac-saint-point-header-image-home-bis-2-scaled.jpg 2560w, https:\/\/campingdulacbourgogne.com\/wp-content\/uploads\/2022\/07\/camping-lac-saint-point-header-image-home-bis-2-300x58.jpg 300w, https:\/\/campingdulacbourgogne.com\/wp-content\/uploads\/2022\/07\/camping-lac-saint-point-header-image-home-bis-2-1024x198.jpg 1024w, https:\/\/campingdulacbourgogne.com\/wp-content\/uploads\/2022\/07\/camping-lac-saint-point-header-image-home-bis-2-768x148.jpg 768w, https:\/\/campingdulacbourgogne.com\/wp-content\/uploads\/2022\/07\/camping-lac-saint-point-header-image-home-bis-2-1536x297.jpg 1536w, https:\/\/campingdulacbourgogne.com\/wp-content\/uploads\/2022\/07\/camping-lac-saint-point-header-image-home-bis-2-2048x396.jpg 2048w\" sizes=\"(max-width: 2560px) 100vw, 2560px\" \/><div class=\"wp-block-cover__inner-container\">\n<div class=\"wp-container-69dc5a63a6356 wp-block-group has-white-background-color has-background\"><div class=\"wp-block-group__inner-container\">\n<div class=\"wp-block-columns\">\n<div class=\"wp-block-column\">\n<figure class=\"wp-block-image alignfull size-full\"><img width=\"960\" height=\"540\" src=\"https:\/\/campingdulacbourgogne.com\/wp-content\/uploads\/2022\/07\/pdelas.jpg\" alt=\"\" class=\"wp-image-615\" srcset=\"https:\/\/campingdulacbourgogne.com\/wp-content\/uploads\/2022\/07\/pdelas.jpg 960w, https:\/\/campingdulacbourgogne.com\/wp-content\/uploads\/2022\/07\/pdelas-300x169.jpg 300w, https:\/\/campingdulacbourgogne.com\/wp-content\/uploads\/2022\/07\/pdelas-768x432.jpg 768w\" sizes=\"(max-width: 960px) 100vw, 960px\" \/><\/figure>\n<\/div>\n\n\n\n<div class=\"wp-block-column col-mob-center\">\n<h2 class=\"has-gris-color has-text-color\" id=\"camping-bourgogne-3-etoiles-naturel\">Natural 4 star campsite Burgundy<\/h2>\n\n\n\n<p class=\"has-gris-color has-text-color\">In our <strong>4 star Burgundy campsite<\/strong>, we protect nature and do everything possible to <strong>protect biodiversity<\/strong>.<\/p>\n\n\n\n<p class=\"has-gris-color has-text-color\">Our structures and plantings allow local fauna and birds to find their place (insect hotels, hedges, nesting boxes, limited sizes &#8230;).<\/p>\n\n\n\n<p class=\"has-gris-color has-text-color\">Moreover, our <strong>4 star establishment<\/strong> is located in a preserved and natural area in which there is a beautiful <a href=\"https:\/\/campingdulacbourgogne.com\/en\/lakefront\/\" data-type=\"page\" data-id=\"522\">swimming lake<\/a> that hosts a very special flora.  <\/p>\n<\/div>\n<\/div>\n\n\n\n<div class=\"wp-container-69dc5a63a605e wp-block-buttons\">\n<div class=\"wp-block-button is-style-outline\"><a class=\"wp-block-button__link has-gris-color has-text-color\" href=\"https:\/\/campingdulacbourgogne.com\/en\/activities\/\"><i class=\"fas fa-bell-concierge\"><\/i>  activities on the lakefront<\/a><\/div>\n<\/div>\n<\/div><\/div>\n<\/div><\/div>\n\n\n\n<section class=\"wp-container-69dc5a63a685e wp-block-group\"><div class=\"wp-block-group__inner-container\">\n<div class=\"wp-block-columns\">\n<div class=\"wp-block-column\">\n<h2 id=\"un-etablissement-ecologique-et-ethique\">An ecological and ethical establishment<\/h2>\n\n\n\n<p>Here is a <strong>Native American legend<\/strong>: one day, there was a huge forest fire. All the animals watched helplessly as the disaster unfolded. Only a hummingbird was active, looking for some drops with its beak. &#8220;Hummingbird! Are you crazy? It is not with these few drops of water that you will put out the fire! &#8220;And the hummingbird answered: yes, you are right, but I am doing my part.<\/p>\n\n\n\n<p>So we do our part and pay close attention to our <strong>environmental and social impact<\/strong>. Here, we consume organic, seasonal and local food, sort our waste, pay attention to our water and electricity consumption, recycle, use ecological household products, organize carpools, set up insect hotels and compost (30% of our garbage is composed of &#8216;green waste&#8217;; also a compost bin is at your disposal. In short, so many small daily gestures, however simple, but so useful.<\/p>\n\n\n\n<p>This is the philosophy that we share with you by making you <strong>live a unique experience<\/strong> close to nature, at the <strong>4 star campsite Lac de Saint Point<\/strong>.<\/p>\n<\/div>\n\n\n\n<div class=\"wp-block-column\">\n<figure class=\"wp-block-gallery alignfull has-nested-images columns-2 is-cropped deco--cadre-droite diaporama-mob\">\n<figure class=\"wp-block-image size-large\"><img width=\"960\" height=\"540\" src=\"https:\/\/campingdulacbourgogne.com\/wp-content\/uploads\/2022\/07\/vue-chalet-en-bois.jpg\" alt=\"\" class=\"wp-image-583\" srcset=\"https:\/\/campingdulacbourgogne.com\/wp-content\/uploads\/2022\/07\/vue-chalet-en-bois.jpg 960w, https:\/\/campingdulacbourgogne.com\/wp-content\/uploads\/2022\/07\/vue-chalet-en-bois-300x169.jpg 300w, https:\/\/campingdulacbourgogne.com\/wp-content\/uploads\/2022\/07\/vue-chalet-en-bois-768x432.jpg 768w\" sizes=\"(max-width: 960px) 100vw, 960px\" \/><\/figure>\n\n\n\n<figure class=\"wp-block-image size-large\"><img width=\"600\" height=\"800\" src=\"https:\/\/campingdulacbourgogne.com\/wp-content\/uploads\/2022\/07\/20201024_101245-scaled-e1606217368834.jpg\" alt=\"\" class=\"wp-image-581\" srcset=\"https:\/\/campingdulacbourgogne.com\/wp-content\/uploads\/2022\/07\/20201024_101245-scaled-e1606217368834.jpg 600w, https:\/\/campingdulacbourgogne.com\/wp-content\/uploads\/2022\/07\/20201024_101245-scaled-e1606217368834-225x300.jpg 225w\" sizes=\"(max-width: 600px) 100vw, 600px\" \/><\/figure>\n\n\n\n<figure class=\"wp-block-image size-large\"><img width=\"1024\" height=\"768\" src=\"https:\/\/campingdulacbourgogne.com\/wp-content\/uploads\/2022\/09\/bien-etre-et-paresse-1024x768.jpg\" alt=\"\" class=\"wp-image-1058\" srcset=\"https:\/\/campingdulacbourgogne.com\/wp-content\/uploads\/2022\/09\/bien-etre-et-paresse-1024x768.jpg 1024w, https:\/\/campingdulacbourgogne.com\/wp-content\/uploads\/2022\/09\/bien-etre-et-paresse-300x225.jpg 300w, https:\/\/campingdulacbourgogne.com\/wp-content\/uploads\/2022\/09\/bien-etre-et-paresse-768x576.jpg 768w, https:\/\/campingdulacbourgogne.com\/wp-content\/uploads\/2022\/09\/bien-etre-et-paresse-1536x1152.jpg 1536w, https:\/\/campingdulacbourgogne.com\/wp-content\/uploads\/2022\/09\/bien-etre-et-paresse-2048x1536.jpg 2048w\" sizes=\"(max-width: 1024px) 100vw, 1024px\" \/><\/figure>\n<\/figure>\n<\/div>\n<\/div>\n<\/div><\/section>\n","protected":false},"excerpt":{"rendered":"<p>A 4-star campsite for well-being and an invitation to laziness With us, whatever you want, you can sleep well. Whether you enjoy the comfort of a cottage overlooking our beautiful valley, or prefer the adventure of camping in a caravan or pitching your tent in the shade on our spacious and shaded sites, this is [&hellip;]<\/p>\n","protected":false},"author":1,"featured_media":0,"parent":0,"menu_order":0,"comment_status":"closed","ping_status":"closed","template":"","meta":[],"acf":[],"_links":{"self":[{"href":"https:\/\/campingdulacbourgogne.com\/en\/wp-json\/wp\/v2\/pages\/1389"}],"collection":[{"href":"https:\/\/campingdulacbourgogne.com\/en\/wp-json\/wp\/v2\/pages"}],"about":[{"href":"https:\/\/campingdulacbourgogne.com\/en\/wp-json\/wp\/v2\/types\/page"}],"author":[{"embeddable":true,"href":"https:\/\/campingdulacbourgogne.com\/en\/wp-json\/wp\/v2\/users\/1"}],"replies":[{"embeddable":true,"href":"https:\/\/campingdulacbourgogne.com\/en\/wp-json\/wp\/v2\/comments?post=1389"}],"version-history":[{"count":2,"href":"https:\/\/campingdulacbourgogne.com\/en\/wp-json\/wp\/v2\/pages\/1389\/revisions"}],"predecessor-version":[{"id":2054,"href":"https:\/\/campingdulacbourgogne.com\/en\/wp-json\/wp\/v2\/pages\/1389\/revisions\/2054"}],"wp:attachment":[{"href":"https:\/\/campingdulacbourgogne.com\/en\/wp-json\/wp\/v2\/media?parent=1389"}],"curies":[{"name":"wp","href":"https:\/\/api.w.org\/{rel}","templated":true}]}}