{"id":1735,"date":"2023-05-03T14:38:19","date_gmt":"2023-05-03T12:38:19","guid":{"rendered":"https:\/\/campingdulacbourgogne.com\/camping-in-de-beaujolais\/"},"modified":"2024-01-05T15:23:14","modified_gmt":"2024-01-05T14:23:14","slug":"camping-in-de-beaujolais","status":"publish","type":"page","link":"https:\/\/campingdulacbourgogne.com\/nl\/camping-in-de-beaujolais\/","title":{"rendered":"Camping in de Beaujolais"},"content":{"rendered":"\n<figure class=\"wp-block-image alignfull size-full\"><img width=\"1600\" height=\"1005\" src=\"https:\/\/campingdulacbourgogne.com\/wp-content\/uploads\/2022\/07\/camping-lac-saint-point-header-image-home-bis.jpg\" alt=\"\" class=\"wp-image-571\" srcset=\"https:\/\/campingdulacbourgogne.com\/wp-content\/uploads\/2022\/07\/camping-lac-saint-point-header-image-home-bis.jpg 1600w, https:\/\/campingdulacbourgogne.com\/wp-content\/uploads\/2022\/07\/camping-lac-saint-point-header-image-home-bis-300x188.jpg 300w, https:\/\/campingdulacbourgogne.com\/wp-content\/uploads\/2022\/07\/camping-lac-saint-point-header-image-home-bis-1024x643.jpg 1024w, https:\/\/campingdulacbourgogne.com\/wp-content\/uploads\/2022\/07\/camping-lac-saint-point-header-image-home-bis-768x482.jpg 768w, https:\/\/campingdulacbourgogne.com\/wp-content\/uploads\/2022\/07\/camping-lac-saint-point-header-image-home-bis-1536x965.jpg 1536w\" sizes=\"(max-width: 1600px) 100vw, 1600px\" \/><\/figure>\n\n\n\n<h1 class=\"has-text-align-center\" id=\"un-camping-en-bourgogne-3-etoiles-1\">Verblijf op een camping in de Beaujolais op het Lac de Saint Point<\/h1>\n\n\n\n<p class=\"has-text-align-center\">Bent u op zoek naar een <strong>camping in de Beaujolais<\/strong> om tijdens uw volgende vakantie natuur en gastronomie te combineren? Kies onze camping aan de oevers van het Sint-Pietersmeer! Onze structuur is gelegen in een groene omgeving in Sa\u00f4ne-et-Loire, dicht bij vele <strong>toeristische attracties in de Beaujolais en Zuid-Bourgondi\u00eb<\/strong>. Zo kunt u na de activiteiten van ons hotel een dagje sightseeing op de wijnroute organiseren.<\/p>\n\n\n\n<section class=\"wp-container-69e8e5176b52e wp-block-group alignfull has-blanc-casse-background-color has-background\"><div class=\"wp-block-group__inner-container\">\n<div class=\"wp-block-columns\">\n<div class=\"wp-block-column\">\n<figure class=\"wp-block-image alignfull size-full deco--trait-droite pictos\"><img width=\"971\" height=\"616\" src=\"https:\/\/campingdulacbourgogne.com\/wp-content\/uploads\/2022\/07\/Profil.png\" alt=\"\" class=\"wp-image-684\" srcset=\"https:\/\/campingdulacbourgogne.com\/wp-content\/uploads\/2022\/07\/Profil.png 971w, https:\/\/campingdulacbourgogne.com\/wp-content\/uploads\/2022\/07\/Profil-300x190.png 300w, https:\/\/campingdulacbourgogne.com\/wp-content\/uploads\/2022\/07\/Profil-768x487.png 768w\" sizes=\"(max-width: 971px) 100vw, 971px\" \/><\/figure>\n<\/div>\n\n\n\n<div class=\"wp-block-column\">\n<h2 id=\"nos-locations-de-vacances-en-camping-pres-du-beaujolais\">Onze vakantiewoningen op camping in de buurt van Beaujolais<\/h2>\n\n\n\n<ul class=\"pictos\"><li><i class=\"fas fa-house\"><\/i>  Verhuur: Vertrek voor 10 uur<\/li><li><i class=\"fas fa-campground\"><\/i>  Plaats: Vertrek voor 12 uur<\/li><\/ul>\n\n\n\n<p>Wij bieden een <a href=\"https:\/\/campingdulacbourgogne.com\/nl\/accommodatie\/\" data-type=\"page\" data-id=\"518\">verscheidenheid aan accommodaties<\/a> voor alle natuurliefhebbers. U kunt kiezen uit <strong>chalets <\/strong>voor 4 tot 5 personen, <strong>stacaravans<\/strong> (2 of 3 slaapkamers), <strong>lodgetenten<\/strong> voor optimaal comfort dicht bij de natuur en een originele bivaktent. Vertrek voor 12 uur.<\/p>\n\n\n\n<p>Voor uw comfort beschikken alle accommodaties over een overdekt of halfoverdekt terras met buitenmeubilair. Op camping Lac de Saint-Point vindt u zeker een <strong>huuraccommodatie die past bij uw gezin<\/strong> en uw budget!<\/p>\n\n\n\n<div class=\"wp-container-69e8e5176b12b wp-block-buttons\">\n<div class=\"wp-block-button btn_resa\"><a class=\"wp-block-button__link\"><i class=\"fas fa-search\"><\/i>  Boek mijn verblijf!<\/a><\/div>\n\n\n\n<div class=\"wp-block-button btn_resa is-style-outline\"><a class=\"wp-block-button__link\" href=\"https:\/\/campingdulacbourgogne.com\/nl\/accommodatie\/\"><i class=\"fas fa-home-heart\"><\/i>  Ontdek de verhuur<\/a><\/div>\n<\/div>\n<\/div>\n<\/div>\n<\/div><\/section>\n\n\n\n<section class=\"wp-container-69e8e5176be45 wp-block-group\"><div class=\"wp-block-group__inner-container\">\n<div class=\"wp-block-columns\">\n<div class=\"wp-block-column\">\n<h2 id=\"un-camping-en-beaujolais-et-bord-de-lac\">Een camping in de Beaujolais en aan het meer<\/h2>\n\n\n\n<p>Boek een verblijf op onze <strong>4-sterren camping in de Beaujolais<\/strong> en u bent verzekerd van een ontspannende of actieve vakantie. Een locatie <a href=\"https:\/\/campingdulacbourgogne.com\/nl\/lakeside\/\" data-type=\"page\" data-id=\"522\">aan het meer<\/a> biedt alle voordelen van een zoetwatermeer:<\/p>\n\n\n\n<p>U vindt er een <strong>badplaats<\/strong> met zuiver en rustig water (geen golven, geen stroming) inclusief een ruimte om wateractiviteiten te beoefenen zoals waterfietsen voor een bucolische vaart met z&#8217;n twee\u00ebn of met het gezin.<\/p>\n\n\n\n<p>Er is ook een <strong>gereserveerd visgebied<\/strong> ter plaatse, weg van de badgasten voor meer rust.<\/p>\n\n\n\n<p>Het meer is bijzonder rustig, omdat er geen motorvoertuigen zijn toegestaan. Een onderdompeling in de natuur met een prachtig panorama, waar u ook bent: op het terras van uw chalet of stacaravan, aan de rand van het meer of bij een aperitief in de Guinguette.<\/p>\n\n\n\n<div class=\"wp-container-69e8e5176ba95 wp-block-buttons\">\n<div class=\"wp-block-button is-style-outline\"><a class=\"wp-block-button__link\" href=\"https:\/\/campingdulacbourgogne.com\/nl\/lakeside\/\"><i class=\"fas fa-water\"><\/i>  Bij het meer<\/a><\/div>\n\n\n\n<div class=\"wp-block-button btn_galerie\"><a class=\"wp-block-button__link\" href=\"https:\/\/campingdulacbourgogne.com\/nl\/foto-galerij\/\"><i class=\"fas fa-camera-retro\"><\/i>  Foto galerij<\/a><\/div>\n<\/div>\n<\/div>\n\n\n\n<div class=\"wp-block-column\">\n<figure class=\"wp-block-image alignfull size-full\"><img width=\"960\" height=\"540\" src=\"https:\/\/campingdulacbourgogne.com\/wp-content\/uploads\/2022\/07\/pdelas.jpg\" alt=\"\" class=\"wp-image-615\" srcset=\"https:\/\/campingdulacbourgogne.com\/wp-content\/uploads\/2022\/07\/pdelas.jpg 960w, https:\/\/campingdulacbourgogne.com\/wp-content\/uploads\/2022\/07\/pdelas-300x169.jpg 300w, https:\/\/campingdulacbourgogne.com\/wp-content\/uploads\/2022\/07\/pdelas-768x432.jpg 768w\" sizes=\"(max-width: 960px) 100vw, 960px\" \/><\/figure>\n<\/div>\n<\/div>\n<\/div><\/section>\n\n\n\n<section class=\"wp-container-69e8e5176cb29 wp-block-group alignfull has-blanc-casse-background-color has-background\"><div class=\"wp-block-group__inner-container\">\n<h2 class=\"has-text-align-center deco--trait\" id=\"h2-un-camping-a-la-roche-de-solutre-avec-lac-de-baignadevous-souhaitez-voir-un-decor-dont-vous-vous-souviendrez-encore-longtemps-le-lac-saint-point-est-en-lui-meme-un-spectacle-d-une-rare-beaute-au-milieu-d-un-paysage-naturel-au-panorama-enchanteur-il-s-etend-sur-une-grande-distance-et-figure-parmi-les-plus-beaux-lacs-naturels-du-pays-l-envie-d-y-piquer-une-tete-sera-irresistible-car-son-eau-pure-et-cristalline-est-l-un-des-points-forts-du-lac-vous-n-y-verrez-ni-engin-a-moteur-ni-pollution-ce-qui-en-fait-un-vrai-paradis-pour-les-pecheurs-de-brochet-de-tanche-ou-de-gardon-et-si-vous-reviez-de-faire-du-pedalo-en-couple-ou-entre-amis-ce-sera-l-occasion-revee-a-moins-que-vous-ne-prefereriez-vous-initier-aux-sports-nautiques-comme-le-canoe-kayak\">Activiteiten en diensten op de camping<\/h2>\n\n\n\n<p class=\"has-text-align-center\">Het Lac de Saint-Point, onze <strong>camping in de buurt van de Beaujolais<\/strong>, is een plek die ontworpen is om al onze vakantiegangers tijdens hun verblijf <a href=\"https:\/\/campingdulacbourgogne.com\/nl\/activiteiten\/\" data-type=\"page\" data-id=\"512\">activiteiten voor het hele gezin<\/a> te bieden.<\/p>\n\n\n\n<p class=\"has-text-align-center\">Voor kinderen (en ouders die graag met hun peuters spelen) is er een speeltuin, trampoline, basketbalveld, tafeltennis, tafelvoetbal, bank en een gemeenschappelijke ruimte met wifi. Voor de ouders worden <strong>gezellige avonden<\/strong> in <a href=\"https:\/\/campingdulacbourgogne.com\/nl\/de-guinguette\/\" data-type=\"page\" data-id=\"524\">de Guinguette<\/a> georganiseerd. Trakteer uzelf op een goede maaltijd van verse streekproducten, maar ook op een cabaretavond, concert of show (\u00e9\u00e9n animatie per week in het hoogseizoen). <strong>Alle winkels liggen op slechts 3 km<\/strong> van de camping (bakker, slagerij, apotheek, supermarkt&#8230;).<\/p>\n\n\n\n<p class=\"has-text-align-center\">Om het leven voor alle leden van het gezin gemakkelijker te maken, bieden wij u ook :<\/p>\n\n\n\n<ul class=\"pictos-3 center has-bleu-color has-text-color\"><li><i class=\"fas fa-shop\"><\/i>  Kruidenierswinkel met veel lokale producten om onze streek via de gastronomie te ontdekken (wijnen, honing, kazen, enz.)<\/li><li><i class=\"fas fa-basket-shopping\"><\/i>  Picknickmand<\/li><li><i class=\"fas fa-french-fries\"><\/i>  Frietkraam met broodjes en ijs voor de hongerigen<\/li><li><i class=\"fas fa-baguette\"><\/i>  Brood en gebak op bestelling<\/li><li><i class=\"fas fa-dog\"><\/i>  Douche voor honden<\/li><li><i class=\"fas fa-washing-machine\"><\/i>  Wasmachines<\/li><\/ul>\n\n\n\n<div class=\"wp-container-69e8e5176c2eb wp-block-group has-blanc-casse-variante-background-color has-background\"><div class=\"wp-block-group__inner-container\">\n<h2 class=\"h3\" id=\"decouvrir-le-beaujolais-dans-le-rhone-et-en-sud-bourgogne\">Beaujolais ontdekken in de Rh\u00f4ne en Zuid-Bourgondi\u00eb<\/h2>\n\n\n\n<p>Onze <strong>camping in de buurt van de Beaujolais<\/strong> biedt u de mogelijkheid om deze beroemde en veelzijdige wijngaard te ontdekken. De productie ervan gaat veel verder dan het commerci\u00eble succes van <strong>de Beaujolais Nouveau<\/strong>. Het terroir wordt op verschillende manieren onthuld aan de nieuwsgierige vakantieganger: door te proeven, natuurlijk, maar ook door het observeren van de prachtige landschappen gevormd door de <strong>rijen wijnstokken<\/strong>.<\/p>\n\n\n\n<p>Organiseer een of meer dagen van verkenning door het plannen van een tour inclusief :<\/p>\n\n\n\n<ul><li>Een stop bij het Terrasse de Chiroubles: adembenemend uitzicht op de Beaujolais, het departement Rh\u00f4ne en de Mont Brouilly. Kelder en winkel met lokale producten op de top.<\/li><li>Een proeverij in een kelder, in Juli\u00e9nas (Rh\u00f4ne) of Chaintr\u00e9 (Sa\u00f4ne-et-Loire).<\/li><li>Een bezoek aan een wijndomein in La Chapelle-de-Guinchay (wijntoerisme).<\/li><\/ul>\n\n\n\n<p>Al deze bezienswaardigheden liggen op minder dan 30 minuten van onze camping. Dit is de perfecte manier om een <strong>Beaujolais-wijnroute<\/strong> samen te stellen, gepersonaliseerd en aangepast aan uw wensen!<\/p>\n<\/div><\/div>\n\n\n\n<div class=\"wp-container-69e8e5176c67a wp-block-buttons\">\n<div class=\"wp-block-button is-style-outline\"><a class=\"wp-block-button__link\" href=\"https:\/\/campingdulacbourgogne.com\/nl\/toerisme\/\"><i class=\"fas fa-binoculars\"><\/i>  Bekijk de omgeving<\/a><\/div>\n<\/div>\n\n\n\n<figure class=\"wp-block-gallery has-nested-images columns-4 is-cropped deco--cadre diaporama-mob\">\n<figure class=\"wp-block-image size-large\"><img width=\"840\" height=\"480\" src=\"https:\/\/campingdulacbourgogne.com\/wp-content\/uploads\/2022\/07\/patrimoine-pcubfc000v502eex-2.jpg\" alt=\"\" class=\"wp-image-835\" srcset=\"https:\/\/campingdulacbourgogne.com\/wp-content\/uploads\/2022\/07\/patrimoine-pcubfc000v502eex-2.jpg 840w, https:\/\/campingdulacbourgogne.com\/wp-content\/uploads\/2022\/07\/patrimoine-pcubfc000v502eex-2-300x171.jpg 300w, https:\/\/campingdulacbourgogne.com\/wp-content\/uploads\/2022\/07\/patrimoine-pcubfc000v502eex-2-768x439.jpg 768w\" sizes=\"(max-width: 840px) 100vw, 840px\" \/><\/figure>\n\n\n\n<figure class=\"wp-block-image size-large\"><img width=\"800\" height=\"600\" src=\"https:\/\/campingdulacbourgogne.com\/wp-content\/uploads\/2022\/07\/p1010809.jpg\" alt=\"\" class=\"wp-image-838\" srcset=\"https:\/\/campingdulacbourgogne.com\/wp-content\/uploads\/2022\/07\/p1010809.jpg 800w, https:\/\/campingdulacbourgogne.com\/wp-content\/uploads\/2022\/07\/p1010809-300x225.jpg 300w, https:\/\/campingdulacbourgogne.com\/wp-content\/uploads\/2022\/07\/p1010809-768x576.jpg 768w\" sizes=\"(max-width: 800px) 100vw, 800px\" \/><\/figure>\n\n\n\n<figure class=\"wp-block-image size-large\"><img width=\"550\" height=\"413\" src=\"https:\/\/campingdulacbourgogne.com\/wp-content\/uploads\/2022\/07\/hotel-restaurant-de-la.jpg\" alt=\"\" class=\"wp-image-841\" srcset=\"https:\/\/campingdulacbourgogne.com\/wp-content\/uploads\/2022\/07\/hotel-restaurant-de-la.jpg 550w, https:\/\/campingdulacbourgogne.com\/wp-content\/uploads\/2022\/07\/hotel-restaurant-de-la-300x225.jpg 300w\" sizes=\"(max-width: 550px) 100vw, 550px\" \/><\/figure>\n\n\n\n<figure class=\"wp-block-image size-large\"><img width=\"933\" height=\"700\" src=\"https:\/\/campingdulacbourgogne.com\/wp-content\/uploads\/2022\/07\/80L052941.jpg\" alt=\"\" class=\"wp-image-850\" srcset=\"https:\/\/campingdulacbourgogne.com\/wp-content\/uploads\/2022\/07\/80L052941.jpg 933w, https:\/\/campingdulacbourgogne.com\/wp-content\/uploads\/2022\/07\/80L052941-300x225.jpg 300w, https:\/\/campingdulacbourgogne.com\/wp-content\/uploads\/2022\/07\/80L052941-768x576.jpg 768w\" sizes=\"(max-width: 933px) 100vw, 933px\" \/><\/figure>\n\n\n\n<figure class=\"wp-block-image size-large\"><img width=\"640\" height=\"427\" src=\"https:\/\/campingdulacbourgogne.com\/wp-content\/uploads\/2022\/07\/markus-winkler-YG-mo7VvyhM-unsplash.jpg\" alt=\"\" class=\"wp-image-853\" srcset=\"https:\/\/campingdulacbourgogne.com\/wp-content\/uploads\/2022\/07\/markus-winkler-YG-mo7VvyhM-unsplash.jpg 640w, https:\/\/campingdulacbourgogne.com\/wp-content\/uploads\/2022\/07\/markus-winkler-YG-mo7VvyhM-unsplash-300x200.jpg 300w\" sizes=\"(max-width: 640px) 100vw, 640px\" \/><\/figure>\n\n\n\n<figure class=\"wp-block-image size-large\"><img width=\"800\" height=\"540\" src=\"https:\/\/campingdulacbourgogne.com\/wp-content\/uploads\/2022\/07\/83400efec7f9de5efb1d647aa51b6702.jpg\" alt=\"\" class=\"wp-image-784\" srcset=\"https:\/\/campingdulacbourgogne.com\/wp-content\/uploads\/2022\/07\/83400efec7f9de5efb1d647aa51b6702.jpg 800w, https:\/\/campingdulacbourgogne.com\/wp-content\/uploads\/2022\/07\/83400efec7f9de5efb1d647aa51b6702-300x203.jpg 300w, https:\/\/campingdulacbourgogne.com\/wp-content\/uploads\/2022\/07\/83400efec7f9de5efb1d647aa51b6702-768x518.jpg 768w\" sizes=\"(max-width: 800px) 100vw, 800px\" \/><\/figure>\n\n\n\n<figure class=\"wp-block-image size-large\"><img width=\"800\" height=\"533\" src=\"https:\/\/campingdulacbourgogne.com\/wp-content\/uploads\/2022\/07\/cormatin-chateau-de-cormatin-jardin-et-labyrinthe-saone-et-loire.jpg\" alt=\"\" class=\"wp-image-787\" srcset=\"https:\/\/campingdulacbourgogne.com\/wp-content\/uploads\/2022\/07\/cormatin-chateau-de-cormatin-jardin-et-labyrinthe-saone-et-loire.jpg 800w, https:\/\/campingdulacbourgogne.com\/wp-content\/uploads\/2022\/07\/cormatin-chateau-de-cormatin-jardin-et-labyrinthe-saone-et-loire-300x200.jpg 300w, https:\/\/campingdulacbourgogne.com\/wp-content\/uploads\/2022\/07\/cormatin-chateau-de-cormatin-jardin-et-labyrinthe-saone-et-loire-768x512.jpg 768w\" sizes=\"(max-width: 800px) 100vw, 800px\" \/><\/figure>\n<\/figure>\n<\/div><\/section>\n","protected":false},"excerpt":{"rendered":"<p>Verblijf op een camping in de Beaujolais op het Lac de Saint Point Bent u op zoek naar een camping in de Beaujolais om tijdens uw volgende vakantie natuur en gastronomie te combineren? Kies onze camping aan de oevers van het Sint-Pietersmeer! Onze structuur is gelegen in een groene omgeving in Sa\u00f4ne-et-Loire, dicht bij vele [&hellip;]<\/p>\n","protected":false},"author":1,"featured_media":0,"parent":0,"menu_order":0,"comment_status":"closed","ping_status":"closed","template":"","meta":[],"acf":[],"_links":{"self":[{"href":"https:\/\/campingdulacbourgogne.com\/nl\/wp-json\/wp\/v2\/pages\/1735"}],"collection":[{"href":"https:\/\/campingdulacbourgogne.com\/nl\/wp-json\/wp\/v2\/pages"}],"about":[{"href":"https:\/\/campingdulacbourgogne.com\/nl\/wp-json\/wp\/v2\/types\/page"}],"author":[{"embeddable":true,"href":"https:\/\/campingdulacbourgogne.com\/nl\/wp-json\/wp\/v2\/users\/1"}],"replies":[{"embeddable":true,"href":"https:\/\/campingdulacbourgogne.com\/nl\/wp-json\/wp\/v2\/comments?post=1735"}],"version-history":[{"count":2,"href":"https:\/\/campingdulacbourgogne.com\/nl\/wp-json\/wp\/v2\/pages\/1735\/revisions"}],"predecessor-version":[{"id":2060,"href":"https:\/\/campingdulacbourgogne.com\/nl\/wp-json\/wp\/v2\/pages\/1735\/revisions\/2060"}],"wp:attachment":[{"href":"https:\/\/campingdulacbourgogne.com\/nl\/wp-json\/wp\/v2\/media?parent=1735"}],"curies":[{"name":"wp","href":"https:\/\/api.w.org\/{rel}","templated":true}]}}