{"id":1751,"date":"2023-05-03T14:40:53","date_gmt":"2023-05-03T12:40:53","guid":{"rendered":"https:\/\/campingdulacbourgogne.com\/de-roche-de-solutre\/"},"modified":"2023-05-03T14:40:54","modified_gmt":"2023-05-03T12:40:54","slug":"de-roche-de-solutre","status":"publish","type":"page","link":"https:\/\/campingdulacbourgogne.com\/nl\/de-roche-de-solutre\/","title":{"rendered":"De Roche de Solutr\u00e9"},"content":{"rendered":"\n<figure class=\"wp-block-image alignfull size-full\"><img width=\"1600\" height=\"1005\" src=\"https:\/\/campingdulacbourgogne.com\/wp-content\/uploads\/2022\/07\/camping-lac-saint-point-header-image-home-bis.jpg\" alt=\"\" class=\"wp-image-571\" srcset=\"https:\/\/campingdulacbourgogne.com\/wp-content\/uploads\/2022\/07\/camping-lac-saint-point-header-image-home-bis.jpg 1600w, https:\/\/campingdulacbourgogne.com\/wp-content\/uploads\/2022\/07\/camping-lac-saint-point-header-image-home-bis-300x188.jpg 300w, https:\/\/campingdulacbourgogne.com\/wp-content\/uploads\/2022\/07\/camping-lac-saint-point-header-image-home-bis-1024x643.jpg 1024w, https:\/\/campingdulacbourgogne.com\/wp-content\/uploads\/2022\/07\/camping-lac-saint-point-header-image-home-bis-768x482.jpg 768w, https:\/\/campingdulacbourgogne.com\/wp-content\/uploads\/2022\/07\/camping-lac-saint-point-header-image-home-bis-1536x965.jpg 1536w\" sizes=\"(max-width: 1600px) 100vw, 1600px\" \/><\/figure>\n<h1 class=\"has-text-align-center\" id=\"un-camping-en-bourgogne-3-etoiles-1\">Camping La Roche de Solutr\u00e9<\/h1>\n\n<p class=\"has-text-align-center\">Tussen rust, wilde natuur en culturele bezoeken, kom een aangenaam verblijf doorbrengen op <a href=\"https:\/\/campingdulacbourgogne.com\/nl\/\">onze camping in Bourgondi\u00eb<\/a> in een schitterende streek. Hier is de lucht zuiver, het water kristalhelder en de bossen groen. Wat is een betere manier om te genieten van de frisse lucht en nieuwe energie op te doen, weg van de drukte van het leven, dan een verblijf op een <strong>camping in de Roche de Solutr\u00e9<\/strong>?<\/p>\n\n<section class=\"wp-container-69e31a41b55c4 wp-block-group alignfull has-blanc-casse-background-color has-background\"><div class=\"wp-block-group__inner-container\">\n<div class=\"wp-block-columns\">\n<div class=\"wp-block-column\">\n<h2 id=\"location-mobil-home-roche-de-solutre\">Verhuur van stacaravans Roche de Solutr\u00e9<\/h2>\n\n\n\n<p>Of u nu met de auto, caravan, camper of tent komt, op <strong>camping Lac de Saint Point<\/strong> zit u goed. Onze <a href=\"https:\/\/campingdulacbourgogne.com\/nl\/locaties\/\">staanplaatsen<\/a> zijn prachtig gelegen onder de bomen, op de zonnige weide of direct aan het meer.<\/p>\n\n\n\n<p class=\"txt_lireplus\">In ieder geval kunt u genieten van een grote ruimte voor een rustige vakantie, altijd met een adembenemend uitzicht op het meer.<\/p>\n\n\n\n<p class=\"txt_lireplus\">En voor wie van comfort houdt, zijn er <a href=\"https:\/\/campingdulacbourgogne.com\/nl\/accommodatie\/\">stacaravans<\/a> en chalets direct aan het meer. U heeft alles wat een gezin of een groep vrienden nodig heeft voor een ideale kampeervakantie. Onze accommodatie is geschikt voor maximaal 6 personen en beschikt over alle nodige faciliteiten om u optimaal comfort te bieden tijdens uw verblijf in Bourgondi\u00eb.<\/p>\n\n\n\n<div class=\"wp-block-group lire-plus-mobile\"><div class=\"wp-block-group__inner-container\">\n<p>Meer lezen<\/p>\n\n\n\n<div class=\"wp-container-69e31a41b4e9a wp-block-group\"><div class=\"wp-block-group__inner-container\">\n<p>In ieder geval kunt u genieten van een grote ruimte voor een rustige vakantie, altijd met een adembenemend uitzicht op het meer.<\/p>\n\n\n\n<p>En voor wie van comfort houdt, zijn er stacaravans en chalets direct aan het meer. U heeft alles wat een gezin of een groep vrienden nodig heeft voor een ideale kampeervakantie. Onze accommodatie is geschikt voor maximaal 6 personen en beschikt over alle nodige faciliteiten om u optimaal comfort te bieden tijdens uw verblijf in Bourgondi\u00eb.<\/p>\n<\/div><\/div>\n<\/div><\/div>\n\n\n\n<div class=\"wp-container-69e31a41b5245 wp-block-buttons\">\n<div class=\"wp-block-button btn_resa\"><a class=\"wp-block-button__link\"><i class=\"fas fa-search\"><\/i>  Boek mijn verblijf!<\/a><\/div>\n\n\n\n<div class=\"wp-block-button btn_resa is-style-outline\"><a class=\"wp-block-button__link\" href=\"https:\/\/campingdulacbourgogne.com\/nl\/accommodatie\/\"><i class=\"fas fa-home-heart\"><\/i>  Ontdek de verhuur<\/a><\/div>\n<\/div>\n<\/div>\n\n\n\n<div class=\"wp-block-column\">\n<figure class=\"wp-block-image alignfull size-full deco--trait-droite\"><img width=\"1000\" height=\"750\" src=\"https:\/\/campingdulacbourgogne.com\/wp-content\/uploads\/2022\/07\/20210413_105308.jpg\" alt=\"\" class=\"wp-image-584\" srcset=\"https:\/\/campingdulacbourgogne.com\/wp-content\/uploads\/2022\/07\/20210413_105308.jpg 1000w, https:\/\/campingdulacbourgogne.com\/wp-content\/uploads\/2022\/07\/20210413_105308-300x225.jpg 300w, https:\/\/campingdulacbourgogne.com\/wp-content\/uploads\/2022\/07\/20210413_105308-768x576.jpg 768w\" sizes=\"(max-width: 1000px) 100vw, 1000px\" \/><\/figure><\/div>\n<\/div>\n<\/div><\/section>\n\n<section class=\"wp-container-69e31a41b6130 wp-block-group\"><div class=\"wp-block-group__inner-container\">\n<h2 id=\"services-et-activites\">Diensten en activiteiten<\/h2>\n\n\n\n<div class=\"wp-block-columns\">\n<div class=\"wp-block-column\">\n<p>Tijdens een kampeervakantie kunt u oude verhalen uitwisselen voor een kampvuur of de avond afsluiten met uw vrienden en familie op het <strong>terras van de stacaravan<\/strong> bij een goede maaltijd van lokale producten.<\/p>\n\n\n\n<p class=\"txt_lireplus\">Om u tijdens uw verblijf in ons etablissement te vermaken, nodigen wij u uit in ons <a href=\"https:\/\/campingdulacbourgogne.com\/nl\/de-guinguette\/\">bar-restaurant La Guinguette<\/a>. Dit zal een gelegenheid zijn om de <strong>culinaire specialiteiten van de regio<\/strong> te proeven en om enkele van onze selectie van lokale wijnen te proeven. E\u00e9n keer per week kunt u zelfs genieten van het ritme van de muziek en de georganiseerde geluidsanimatie.<\/p>\n\n\n\n<p class=\"txt_lireplus\">Op de camping <strong>bij de Roche de Solutr\u00e9<\/strong> zijn gedurende uw hele verblijf diensten beschikbaar om uw <strong>leven<\/strong> te vergemakkelijken! U vindt er bijvoorbeeld een kruidenierswinkel, een wasmachine en een bestelservice voor vers brood en gebak.<\/p>\n<\/div>\n\n\n\n<div class=\"wp-block-column\">\n<p class=\"txt_lireplus\">Ook buitenactiviteiten zullen uw verblijf verrijken. Bezoek het kasteel van Lamartine in Saint-Point, waar u in de voetsporen treedt van de beroemdste van de romantische dichters. En als u een liefhebber bent van Romaanse kunst, heeft <strong>Zuid-Bourgondi\u00eb<\/strong> een indrukwekkend Romaans architecturaal erfgoed. Ook is er volop wandel- en fietsgelegenheid in het omringende heuvellandschap. En natuurlijk trekt de plaatselijke keuken, zoals in een groot deel van de <strong>Franche-Comt\u00e9<\/strong>, altijd wel wat smaakpapillen aan op zoek naar nieuwe ervaringen.<\/p>\n\n\n\n<div class=\"wp-block-group lire-plus-mobile\"><div class=\"wp-block-group__inner-container\">\n<p>Meer lezen<\/p>\n\n\n\n<div class=\"wp-container-69e31a41b5a78 wp-block-group\"><div class=\"wp-block-group__inner-container\">\n<p>Om u tijdens uw verblijf in ons etablissement te vermaken, nodigen wij u uit in ons bar-restaurant La Guinguette. Dit zal een gelegenheid zijn om de culinaire specialiteiten van de regio te proeven en om enkele van onze selectie van lokale wijnen te proeven. E\u00e9n keer per week kunt u zelfs genieten van het ritme van de muziek en de georganiseerde activiteiten.<\/p>\n\n\n\n<p>Ter plaatse zijn er diensten die u tijdens uw verblijf begeleiden om uw leven op camping Roche de Solutr\u00e9 te vergemakkelijken! Er is bijvoorbeeld een kruidenierswinkel, een wasmachine en een bestelservice voor vers brood en gebak.<\/p>\n\n\n\n<p>Ook buitenactiviteiten zullen uw verblijf verrijken. Bezoek het kasteel van Lamartine in Saint-Point, waar u in de voetsporen treedt van de beroemdste van de romantische dichters. En als u een liefhebber bent van Romaanse kunst: Zuid-Bourgondi\u00eb heeft een indrukwekkend Romaans architecturaal erfgoed. Ook is er volop wandel- en fietsgelegenheid in het omringende heuvellandschap. En natuurlijk trekt de plaatselijke keuken, zoals in een groot deel van de Franche-Comt\u00e9, altijd wel wat smaakpapillen aan op zoek naar nieuwe ervaringen.<\/p>\n<\/div><\/div>\n<\/div><\/div>\n\n\n\n<div class=\"wp-container-69e31a41b5e07 wp-block-buttons\">\n<div class=\"wp-block-button is-style-outline\"><a class=\"wp-block-button__link\" href=\"https:\/\/campingdulacbourgogne.com\/nl\/activiteiten\/\"><i class=\"fas fa-person-sledding\"><\/i>  Bekijk de activiteiten<\/a><\/div>\n\n\n\n<div class=\"wp-block-button btn_galerie\"><a class=\"wp-block-button__link\" href=\"https:\/\/campingdulacbourgogne.com\/nl\/foto-galerij\/\"><i class=\"fas fa-camera-retro\"><\/i>  Foto galerij<\/a><\/div>\n<\/div>\n<\/div>\n<\/div>\n<\/div><\/section>\n\n<section class=\"wp-container-69e31a41b6e2d wp-block-group alignfull has-blanc-casse-background-color has-background\"><div class=\"wp-block-group__inner-container\">\n<h2 class=\"has-text-align-center deco--trait\" id=\"h2-un-camping-a-la-roche-de-solutre-avec-lac-de-baignadevous-souhaitez-voir-un-decor-dont-vous-vous-souviendrez-encore-longtemps-le-lac-saint-point-est-en-lui-meme-un-spectacle-d-une-rare-beaute-au-milieu-d-un-paysage-naturel-au-panorama-enchanteur-il-s-etend-sur-une-grande-distance-et-figure-parmi-les-plus-beaux-lacs-naturels-du-pays-l-envie-d-y-piquer-une-tete-sera-irresistible-car-son-eau-pure-et-cristalline-est-l-un-des-points-forts-du-lac-vous-n-y-verrez-ni-engin-a-moteur-ni-pollution-ce-qui-en-fait-un-vrai-paradis-pour-les-pecheurs-de-brochet-de-tanche-ou-de-gardon-et-si-vous-reviez-de-faire-du-pedalo-en-couple-ou-entre-amis-ce-sera-l-occasion-revee-a-moins-que-vous-ne-prefereriez-vous-initier-aux-sports-nautiques-comme-le-canoe-kayak\">Een camping in de Roche de Solutr\u00e9 met een zwemmeer<\/h2>\n\n\n\n<p class=\"has-text-align-center\" id=\"h2-un-camping-a-la-roche-de-solutre-avec-lac-de-baignadevous-souhaitez-voir-un-decor-dont-vous-vous-souviendrez-encore-longtemps-le-lac-saint-point-est-en-lui-meme-un-spectacle-d-une-rare-beaute-au-milieu-d-un-paysage-naturel-au-panorama-enchanteur-il-s-etend-sur-une-grande-distance-et-figure-parmi-les-plus-beaux-lacs-naturels-du-pays-l-envie-d-y-piquer-une-tete-sera-irresistible-car-son-eau-pure-et-cristalline-est-l-un-des-points-forts-du-lac-vous-n-y-verrez-ni-engin-a-moteur-ni-pollution-ce-qui-en-fait-un-vrai-paradis-pour-les-pecheurs-de-brochet-de-tanche-ou-de-gardon-et-si-vous-reviez-de-faire-du-pedalo-en-couple-ou-entre-amis-ce-sera-l-occasion-revee-a-moins-que-vous-ne-prefereriez-vous-initier-aux-sports-nautiques-comme-le-canoe-kayak\">Wilt u een decor zien dat u zich nog lang zult herinneren? <strong>Het meer van Saint-Point<\/strong> is op zich al een schouwspel van zeldzame schoonheid te midden van een natuurlijk landschap met een betoverend panorama. Het strekt zich uit over een lange afstand en is een van de mooiste natuurlijke meren van het land.<\/p>\n\n\n\n<p class=\"has-text-align-center\" id=\"h2-un-camping-a-la-roche-de-solutre-avec-lac-de-baignadevous-souhaitez-voir-un-decor-dont-vous-vous-souviendrez-encore-longtemps-le-lac-saint-point-est-en-lui-meme-un-spectacle-d-une-rare-beaute-au-milieu-d-un-paysage-naturel-au-panorama-enchanteur-il-s-etend-sur-une-grande-distance-et-figure-parmi-les-plus-beaux-lacs-naturels-du-pays-l-envie-d-y-piquer-une-tete-sera-irresistible-car-son-eau-pure-et-cristalline-est-l-un-des-points-forts-du-lac-vous-n-y-verrez-ni-engin-a-moteur-ni-pollution-ce-qui-en-fait-un-vrai-paradis-pour-les-pecheurs-de-brochet-de-tanche-ou-de-gardon-et-si-vous-reviez-de-faire-du-pedalo-en-couple-ou-entre-amis-ce-sera-l-occasion-revee-a-moins-que-vous-ne-prefereriez-vous-initier-aux-sports-nautiques-comme-le-canoe-kayak\">Het verlangen om een duik te nemen zal onweerstaanbaar zijn, want het zuivere, kristalheldere water is een van de hoogtepunten van het meer. Er zijn geen gemotoriseerde voertuigen en er is geen vervuiling, waardoor het een waar paradijs is voor snoek-, zeelt- en voornvissers. En als u ervan droomt om met z&#8217;n twee\u00ebn of met vrienden te gaan waterfietsen, is dit de perfecte gelegenheid. Tenzij u liever watersporten zoals kano\u00ebn en kajakken uitprobeert.<\/p>\n\n\n\n<div class=\"wp-block-columns has-blanc-casse-variante-background-color has-background\">\n<div class=\"wp-block-column\">\n<h2 class=\"h3\" id=\"decouvrir-la-roche-de-solutre\">Ontdek de Roche de Solutr\u00e9<\/h2>\n\n\n\n<p>Een <strong>kampeervakantie in de Roche de Solutr\u00e9<\/strong> aan het Lac de Saint-Point is ook een uitstekend vertrekpunt voor tal van recreatiemogelijkheden in de omgeving. Je zou in de verleiding kunnen komen om de Roche Solutr\u00e9 te beklimmen ? De Roche de Solutr\u00e9, in het hart van de grote Solutr\u00e9 Pouilly Verguisson site, is niets minder dan een van de meest populaire bestemmingen in de regio.  <\/p>\n\n\n\n<p class=\"txt_lireplus\">Niet alleen om zijn niet te missen wandelpaden, maar ook om zijn 360 \u030a uitzicht op de wijngaarden van Pouilly-Fuiss\u00e9, de bergen van de M\u00e2connais en het landschap van de Val-de-Sa\u00f4ne. Maar om dat te doen, moet je naar de top. Ondanks het hoogteverschil van 100 m aan het begin van het parcours, is de klim licht en kunt u de uitdaging dus samen met uw gezin aangaan. Daar leert u meer over de geschiedenis van de Roche de Solutr\u00e9, van de prehistorie tot de beklimmingen van voormalig president Fran\u00e7ois Mitterand.<\/p>\n<\/div>\n\n\n\n<div class=\"wp-block-column\">\n<p class=\"txt_lireplus\">Als beloning kunt u onderweg naar beneden genieten van een glas van een van de Bourgondische druivensoorten. En om met een goed gevoel te eindigen, kunt u het prehistorische museum van Solutr\u00e9 bezoeken voor wat cultuur en om de legendes rond deze mythische rots te onthullen.<\/p>\n\n\n\n<p class=\"txt_lireplus\">Als u tenslotte de site van de Roche de Solutr\u00e9 vanuit een andere hoek wilt bekijken, ga dan naar de omliggende dorpen voor een uniek uitzicht op dit imposante kalkstenen bouwwerk.<\/p>\n\n\n\n<div class=\"wp-block-group lire-plus-mobile\"><div class=\"wp-block-group__inner-container\">\n<p>Meer lezen<\/p>\n\n\n\n<div class=\"wp-container-69e31a41b661d wp-block-group\"><div class=\"wp-block-group__inner-container\">\n<p>Niet alleen om zijn niet te missen wandelpaden, maar ook om zijn 360 \u030a uitzicht op de wijngaarden van Pouilly-Fuiss\u00e9, de bergen van de M\u00e2connais en het landschap van de Val-de-Sa\u00f4ne. Maar om dat te doen, moet je naar de top. Ondanks het hoogteverschil van 100 m aan het begin van het parcours, is de klim licht en kunt u de uitdaging dus samen met uw gezin aangaan. Daar leert u meer over de geschiedenis van de Roche de Solutr\u00e9, van de prehistorie tot de beklimmingen van voormalig president Fran\u00e7ois Mitterand.<\/p>\n\n\n\n<p>Als beloning kunt u onderweg naar beneden genieten van een glas van een van de Bourgondische druivensoorten. En om met een goed gevoel te eindigen, kunt u het prehistorische museum van Solutr\u00e9 bezoeken voor wat cultuur en om de legendes rond deze mythische rots te onthullen.<\/p>\n\n\n\n<p>Als u tenslotte de site van de Roche de Solutr\u00e9 vanuit een andere hoek wilt bekijken, ga dan naar de omliggende dorpen voor een uniek uitzicht op dit imposante kalkstenen bouwwerk.<\/p>\n<\/div><\/div>\n<\/div><\/div>\n<\/div>\n<\/div>\n\n\n\n<div class=\"wp-container-69e31a41b6996 wp-block-buttons\">\n<div class=\"wp-block-button is-style-outline\"><a class=\"wp-block-button__link\" href=\"https:\/\/campingdulacbourgogne.com\/nl\/toerisme\/\"><i class=\"fas fa-binoculars\"><\/i>  Bekijk de omgeving<\/a><\/div>\n<\/div>\n\n\n\n<figure class=\"wp-block-gallery has-nested-images columns-4 is-cropped deco--cadre diaporama-mob\">\n<figure class=\"wp-block-image size-large\"><img width=\"840\" height=\"480\" src=\"https:\/\/campingdulacbourgogne.com\/wp-content\/uploads\/2022\/07\/patrimoine-pcubfc000v502eex-2.jpg\" alt=\"\" class=\"wp-image-835\" srcset=\"https:\/\/campingdulacbourgogne.com\/wp-content\/uploads\/2022\/07\/patrimoine-pcubfc000v502eex-2.jpg 840w, https:\/\/campingdulacbourgogne.com\/wp-content\/uploads\/2022\/07\/patrimoine-pcubfc000v502eex-2-300x171.jpg 300w, https:\/\/campingdulacbourgogne.com\/wp-content\/uploads\/2022\/07\/patrimoine-pcubfc000v502eex-2-768x439.jpg 768w\" sizes=\"(max-width: 840px) 100vw, 840px\" \/><\/figure>\n\n\n<figure class=\"wp-block-image size-large\"><img width=\"800\" height=\"600\" src=\"https:\/\/campingdulacbourgogne.com\/wp-content\/uploads\/2022\/07\/p1010809.jpg\" alt=\"\" class=\"wp-image-838\" srcset=\"https:\/\/campingdulacbourgogne.com\/wp-content\/uploads\/2022\/07\/p1010809.jpg 800w, https:\/\/campingdulacbourgogne.com\/wp-content\/uploads\/2022\/07\/p1010809-300x225.jpg 300w, https:\/\/campingdulacbourgogne.com\/wp-content\/uploads\/2022\/07\/p1010809-768x576.jpg 768w\" sizes=\"(max-width: 800px) 100vw, 800px\" \/><\/figure>\n\n\n<figure class=\"wp-block-image size-large\"><img width=\"550\" height=\"413\" src=\"https:\/\/campingdulacbourgogne.com\/wp-content\/uploads\/2022\/07\/hotel-restaurant-de-la.jpg\" alt=\"\" class=\"wp-image-841\" srcset=\"https:\/\/campingdulacbourgogne.com\/wp-content\/uploads\/2022\/07\/hotel-restaurant-de-la.jpg 550w, https:\/\/campingdulacbourgogne.com\/wp-content\/uploads\/2022\/07\/hotel-restaurant-de-la-300x225.jpg 300w\" sizes=\"(max-width: 550px) 100vw, 550px\" \/><\/figure>\n\n\n<figure class=\"wp-block-image size-large\"><img width=\"933\" height=\"700\" src=\"https:\/\/campingdulacbourgogne.com\/wp-content\/uploads\/2022\/07\/80L052941.jpg\" alt=\"\" class=\"wp-image-850\" srcset=\"https:\/\/campingdulacbourgogne.com\/wp-content\/uploads\/2022\/07\/80L052941.jpg 933w, https:\/\/campingdulacbourgogne.com\/wp-content\/uploads\/2022\/07\/80L052941-300x225.jpg 300w, https:\/\/campingdulacbourgogne.com\/wp-content\/uploads\/2022\/07\/80L052941-768x576.jpg 768w\" sizes=\"(max-width: 933px) 100vw, 933px\" \/><\/figure>\n\n\n<figure class=\"wp-block-image size-large\"><img width=\"640\" height=\"427\" src=\"https:\/\/campingdulacbourgogne.com\/wp-content\/uploads\/2022\/07\/markus-winkler-YG-mo7VvyhM-unsplash.jpg\" alt=\"\" class=\"wp-image-853\" srcset=\"https:\/\/campingdulacbourgogne.com\/wp-content\/uploads\/2022\/07\/markus-winkler-YG-mo7VvyhM-unsplash.jpg 640w, https:\/\/campingdulacbourgogne.com\/wp-content\/uploads\/2022\/07\/markus-winkler-YG-mo7VvyhM-unsplash-300x200.jpg 300w\" sizes=\"(max-width: 640px) 100vw, 640px\" \/><\/figure>\n\n\n<figure class=\"wp-block-image size-large\"><img width=\"800\" height=\"540\" src=\"https:\/\/campingdulacbourgogne.com\/wp-content\/uploads\/2022\/07\/83400efec7f9de5efb1d647aa51b6702.jpg\" alt=\"\" class=\"wp-image-784\" srcset=\"https:\/\/campingdulacbourgogne.com\/wp-content\/uploads\/2022\/07\/83400efec7f9de5efb1d647aa51b6702.jpg 800w, https:\/\/campingdulacbourgogne.com\/wp-content\/uploads\/2022\/07\/83400efec7f9de5efb1d647aa51b6702-300x203.jpg 300w, https:\/\/campingdulacbourgogne.com\/wp-content\/uploads\/2022\/07\/83400efec7f9de5efb1d647aa51b6702-768x518.jpg 768w\" sizes=\"(max-width: 800px) 100vw, 800px\" \/><\/figure>\n\n\n<figure class=\"wp-block-image size-large\"><img width=\"800\" height=\"533\" src=\"https:\/\/campingdulacbourgogne.com\/wp-content\/uploads\/2022\/07\/cormatin-chateau-de-cormatin-jardin-et-labyrinthe-saone-et-loire.jpg\" alt=\"\" class=\"wp-image-787\" srcset=\"https:\/\/campingdulacbourgogne.com\/wp-content\/uploads\/2022\/07\/cormatin-chateau-de-cormatin-jardin-et-labyrinthe-saone-et-loire.jpg 800w, https:\/\/campingdulacbourgogne.com\/wp-content\/uploads\/2022\/07\/cormatin-chateau-de-cormatin-jardin-et-labyrinthe-saone-et-loire-300x200.jpg 300w, https:\/\/campingdulacbourgogne.com\/wp-content\/uploads\/2022\/07\/cormatin-chateau-de-cormatin-jardin-et-labyrinthe-saone-et-loire-768x512.jpg 768w\" sizes=\"(max-width: 800px) 100vw, 800px\" \/><\/figure><\/figure>\n<\/div><\/section>\n","protected":false},"excerpt":{"rendered":"<p>Camping La Roche de Solutr\u00e9 Tussen rust, wilde natuur en culturele bezoeken, kom een aangenaam verblijf doorbrengen op onze camping in Bourgondi\u00eb in een schitterende streek. Hier is de lucht zuiver, het water kristalhelder en de bossen groen. Wat is een betere manier om te genieten van de frisse lucht en nieuwe energie op te [&hellip;]<\/p>\n","protected":false},"author":1,"featured_media":0,"parent":0,"menu_order":0,"comment_status":"closed","ping_status":"closed","template":"","meta":[],"acf":[],"_links":{"self":[{"href":"https:\/\/campingdulacbourgogne.com\/nl\/wp-json\/wp\/v2\/pages\/1751"}],"collection":[{"href":"https:\/\/campingdulacbourgogne.com\/nl\/wp-json\/wp\/v2\/pages"}],"about":[{"href":"https:\/\/campingdulacbourgogne.com\/nl\/wp-json\/wp\/v2\/types\/page"}],"author":[{"embeddable":true,"href":"https:\/\/campingdulacbourgogne.com\/nl\/wp-json\/wp\/v2\/users\/1"}],"replies":[{"embeddable":true,"href":"https:\/\/campingdulacbourgogne.com\/nl\/wp-json\/wp\/v2\/comments?post=1751"}],"version-history":[{"count":1,"href":"https:\/\/campingdulacbourgogne.com\/nl\/wp-json\/wp\/v2\/pages\/1751\/revisions"}],"predecessor-version":[{"id":1752,"href":"https:\/\/campingdulacbourgogne.com\/nl\/wp-json\/wp\/v2\/pages\/1751\/revisions\/1752"}],"wp:attachment":[{"href":"https:\/\/campingdulacbourgogne.com\/nl\/wp-json\/wp\/v2\/media?parent=1751"}],"curies":[{"name":"wp","href":"https:\/\/api.w.org\/{rel}","templated":true}]}}