{"id":1757,"date":"2023-05-03T14:42:29","date_gmt":"2023-05-03T12:42:29","guid":{"rendered":"https:\/\/campingdulacbourgogne.com\/waarden-en-milieu\/"},"modified":"2024-01-05T15:20:43","modified_gmt":"2024-01-05T14:20:43","slug":"waarden-en-milieu","status":"publish","type":"page","link":"https:\/\/campingdulacbourgogne.com\/nl\/waarden-en-milieu\/","title":{"rendered":"Waarden en milieu"},"content":{"rendered":"\n<figure class=\"wp-block-image alignfull size-full\"><img width=\"1600\" height=\"1005\" src=\"https:\/\/campingdulacbourgogne.com\/wp-content\/uploads\/2022\/07\/camping-lac-saint-point-header-image-home-bis.jpg\" alt=\"\" class=\"wp-image-571\" srcset=\"https:\/\/campingdulacbourgogne.com\/wp-content\/uploads\/2022\/07\/camping-lac-saint-point-header-image-home-bis.jpg 1600w, https:\/\/campingdulacbourgogne.com\/wp-content\/uploads\/2022\/07\/camping-lac-saint-point-header-image-home-bis-300x188.jpg 300w, https:\/\/campingdulacbourgogne.com\/wp-content\/uploads\/2022\/07\/camping-lac-saint-point-header-image-home-bis-1024x643.jpg 1024w, https:\/\/campingdulacbourgogne.com\/wp-content\/uploads\/2022\/07\/camping-lac-saint-point-header-image-home-bis-768x482.jpg 768w, https:\/\/campingdulacbourgogne.com\/wp-content\/uploads\/2022\/07\/camping-lac-saint-point-header-image-home-bis-1536x965.jpg 1536w\" sizes=\"(max-width: 1600px) 100vw, 1600px\" \/><\/figure>\n\n\n\n<section class=\"wp-container-69d348f5529bd wp-block-group\"><div class=\"wp-block-group__inner-container\">\n<div class=\"wp-block-columns\">\n<div class=\"wp-block-column\">\n<figure class=\"wp-block-gallery alignfull has-nested-images columns-3 is-cropped deco--cadre-gauche diaporama-mob\">\n<figure class=\"wp-block-image size-large\"><img width=\"1024\" height=\"768\" src=\"https:\/\/campingdulacbourgogne.com\/wp-content\/uploads\/2022\/09\/Bandeau-3-1024x768.jpg\" alt=\"\" class=\"wp-image-1052\" srcset=\"https:\/\/campingdulacbourgogne.com\/wp-content\/uploads\/2022\/09\/Bandeau-3-1024x768.jpg 1024w, https:\/\/campingdulacbourgogne.com\/wp-content\/uploads\/2022\/09\/Bandeau-3-300x225.jpg 300w, https:\/\/campingdulacbourgogne.com\/wp-content\/uploads\/2022\/09\/Bandeau-3-768x576.jpg 768w, https:\/\/campingdulacbourgogne.com\/wp-content\/uploads\/2022\/09\/Bandeau-3.jpg 1440w\" sizes=\"(max-width: 1024px) 100vw, 1024px\" \/><\/figure>\n\n\n\n<figure class=\"wp-block-image size-full\"><img width=\"600\" height=\"400\" src=\"https:\/\/campingdulacbourgogne.com\/wp-content\/uploads\/2022\/07\/emplacement-caravaning-saint-point.jpg\" alt=\"\" class=\"wp-image-586\" srcset=\"https:\/\/campingdulacbourgogne.com\/wp-content\/uploads\/2022\/07\/emplacement-caravaning-saint-point.jpg 600w, https:\/\/campingdulacbourgogne.com\/wp-content\/uploads\/2022\/07\/emplacement-caravaning-saint-point-300x200.jpg 300w\" sizes=\"(max-width: 600px) 100vw, 600px\" \/><\/figure>\n\n\n\n<figure class=\"wp-block-image size-large\"><img width=\"1024\" height=\"683\" src=\"https:\/\/campingdulacbourgogne.com\/wp-content\/uploads\/2022\/09\/Bandeau-pic-4-1024x683.jpg\" alt=\"\" class=\"wp-image-1011\" srcset=\"https:\/\/campingdulacbourgogne.com\/wp-content\/uploads\/2022\/09\/Bandeau-pic-4-1024x683.jpg 1024w, https:\/\/campingdulacbourgogne.com\/wp-content\/uploads\/2022\/09\/Bandeau-pic-4-300x200.jpg 300w, https:\/\/campingdulacbourgogne.com\/wp-content\/uploads\/2022\/09\/Bandeau-pic-4-768x512.jpg 768w, https:\/\/campingdulacbourgogne.com\/wp-content\/uploads\/2022\/09\/Bandeau-pic-4-1536x1024.jpg 1536w, https:\/\/campingdulacbourgogne.com\/wp-content\/uploads\/2022\/09\/Bandeau-pic-4.jpg 1920w\" sizes=\"(max-width: 1024px) 100vw, 1024px\" \/><\/figure>\n\n\n\n<figure class=\"wp-block-image size-large\"><img width=\"1024\" height=\"576\" src=\"https:\/\/campingdulacbourgogne.com\/wp-content\/uploads\/2022\/09\/Bandeau-pic1-1024x576.jpg\" alt=\"\" class=\"wp-image-1013\" srcset=\"https:\/\/campingdulacbourgogne.com\/wp-content\/uploads\/2022\/09\/Bandeau-pic1-1024x576.jpg 1024w, https:\/\/campingdulacbourgogne.com\/wp-content\/uploads\/2022\/09\/Bandeau-pic1-300x169.jpg 300w, https:\/\/campingdulacbourgogne.com\/wp-content\/uploads\/2022\/09\/Bandeau-pic1-768x432.jpg 768w, https:\/\/campingdulacbourgogne.com\/wp-content\/uploads\/2022\/09\/Bandeau-pic1-1536x864.jpg 1536w, https:\/\/campingdulacbourgogne.com\/wp-content\/uploads\/2022\/09\/Bandeau-pic1-2048x1152.jpg 2048w, https:\/\/campingdulacbourgogne.com\/wp-content\/uploads\/2022\/09\/Bandeau-pic1-1920x1080.jpg 1920w\" sizes=\"(max-width: 1024px) 100vw, 1024px\" \/><\/figure>\n<\/figure>\n<\/div>\n\n\n\n<div class=\"wp-block-column\">\n<h2 id=\"bienvenue-en-bourgogne-du-sud-au-camping-du-lac-de-saint-point\"><strong>Een 4-sterren camping voor welzijn en luieren<\/strong><\/h2>\n\n\n\n<p class=\"h3\">Bij ons kun je goed slapen, wat je ook wilt.<\/p>\n\n\n\n<p>Of u nu geniet van het <strong>comfort van een chalet<\/strong> met uitzicht op onze prachtige vallei, of de voorkeur geeft aan het avontuur van kamperen in een caravan of het opzetten van uw tent in de schaduw op onze <strong>ruime en schaduwrijke plaatsen<\/strong>, dit is uw thuis weg van <strong>huis<\/strong>.<\/p>\n\n\n\n<p>Jezelf afsnijden van de wereld om onder de sterrenhemel te slapen is meer dan een vakantie, het is een gemoedstoestand, een speciaal moment waarop de tijd vertraagt. Hier inspireert de natuur je. Ons meer is een leef- en recreatieruimte voor het hele gezin. Rust en sereniteit zijn de sleutelwoorden: wij nodigen u uit om u af te sluiten van de wereld om een <strong>rustgevende en ontspannende vakantie te beleven<\/strong>.<\/p>\n<\/div>\n<\/div>\n<\/div><\/section>\n\n\n\n<section class=\"wp-container-69d348f552e45 wp-block-group deco--cadre label has-blanc-casse-variante-background-color has-background\"><div class=\"wp-block-group__inner-container\">\n<div class=\"wp-block-columns\">\n<div class=\"wp-block-column\">\n<div class=\"wp-block-image darken\"><figure class=\"aligncenter size-full\"><img width=\"512\" height=\"512\" src=\"https:\/\/campingdulacbourgogne.com\/wp-content\/uploads\/2022\/07\/24431993.jpg\" alt=\"\" class=\"wp-image-686\" srcset=\"https:\/\/campingdulacbourgogne.com\/wp-content\/uploads\/2022\/07\/24431993.jpg 512w, https:\/\/campingdulacbourgogne.com\/wp-content\/uploads\/2022\/07\/24431993-300x300.jpg 300w, https:\/\/campingdulacbourgogne.com\/wp-content\/uploads\/2022\/07\/24431993-150x150.jpg 150w\" sizes=\"(max-width: 512px) 100vw, 512px\" \/><\/figure><\/div>\n<\/div>\n\n\n\n<div class=\"wp-block-column\">\n<h2 id=\"un-etablissement-ecologique-et-ethique\">Een camping met kwaliteitslabel<\/h2>\n\n\n\n<p>Kwaliteit is altijd de kern geweest van ons DNA en ons engagement om u het beste verblijf te bieden.  <\/p>\n\n\n\n<p>Daarom hebben wij in 2020 besloten om het label Camping Qualit\u00e9 te verkrijgen, waarbij wij ons ertoe verbinden om meer dan 650 criteria na te leven. Een mysterieuze controleur kwam in juli zonder ons medeweten naar de camping, bleef een nacht en controleerde stiekem al onze diensten.<\/p>\n\n\n\n<p>De vereniging Camping Qualit\u00e9 is opgericht door de F\u00e9d\u00e9ration Nationale d&#8217;H\u00f4tellerie de Plein Air en consumentenvertegenwoordigers (F.F.C.C.), met steun van het Staatssecretariaat voor Toerisme.<\/p>\n<\/div>\n<\/div>\n<\/div><\/section>\n\n\n\n<div class=\"wp-block-cover alignfull F-00-a\"><span aria-hidden=\"true\" class=\"has-vert-background-color wp-block-cover__gradient-background has-background-dim\"><\/span><img width=\"2560\" height=\"495\" class=\"wp-block-cover__image-background wp-image-589\" alt=\"\" src=\"https:\/\/campingdulacbourgogne.com\/wp-content\/uploads\/2022\/07\/camping-lac-saint-point-header-image-home-bis-2-scaled.jpg\" data-object-fit=\"cover\" srcset=\"https:\/\/campingdulacbourgogne.com\/wp-content\/uploads\/2022\/07\/camping-lac-saint-point-header-image-home-bis-2-scaled.jpg 2560w, https:\/\/campingdulacbourgogne.com\/wp-content\/uploads\/2022\/07\/camping-lac-saint-point-header-image-home-bis-2-300x58.jpg 300w, https:\/\/campingdulacbourgogne.com\/wp-content\/uploads\/2022\/07\/camping-lac-saint-point-header-image-home-bis-2-1024x198.jpg 1024w, https:\/\/campingdulacbourgogne.com\/wp-content\/uploads\/2022\/07\/camping-lac-saint-point-header-image-home-bis-2-768x148.jpg 768w, https:\/\/campingdulacbourgogne.com\/wp-content\/uploads\/2022\/07\/camping-lac-saint-point-header-image-home-bis-2-1536x297.jpg 1536w, https:\/\/campingdulacbourgogne.com\/wp-content\/uploads\/2022\/07\/camping-lac-saint-point-header-image-home-bis-2-2048x396.jpg 2048w\" sizes=\"(max-width: 2560px) 100vw, 2560px\" \/><div class=\"wp-block-cover__inner-container\">\n<div class=\"wp-container-69d348f55362b wp-block-group has-white-background-color has-background\"><div class=\"wp-block-group__inner-container\">\n<div class=\"wp-block-columns\">\n<div class=\"wp-block-column\">\n<figure class=\"wp-block-image alignfull size-full\"><img width=\"960\" height=\"540\" src=\"https:\/\/campingdulacbourgogne.com\/wp-content\/uploads\/2022\/07\/pdelas.jpg\" alt=\"\" class=\"wp-image-615\" srcset=\"https:\/\/campingdulacbourgogne.com\/wp-content\/uploads\/2022\/07\/pdelas.jpg 960w, https:\/\/campingdulacbourgogne.com\/wp-content\/uploads\/2022\/07\/pdelas-300x169.jpg 300w, https:\/\/campingdulacbourgogne.com\/wp-content\/uploads\/2022\/07\/pdelas-768x432.jpg 768w\" sizes=\"(max-width: 960px) 100vw, 960px\" \/><\/figure>\n<\/div>\n\n\n\n<div class=\"wp-block-column col-mob-center\">\n<h2 class=\"has-gris-color has-text-color\" id=\"camping-bourgogne-3-etoiles-naturel\">Natuurlijke 4 sterren camping Bourgondi\u00eb<\/h2>\n\n\n\n<p class=\"has-gris-color has-text-color\">Op onze <strong>4-sterren camping in de Bourgogne<\/strong> beschermen we de natuur en doen we er alles aan om <strong>de biodiversiteit<\/strong> te beschermen.<\/p>\n\n\n\n<p class=\"has-gris-color has-text-color\">Dankzij onze structuren en beplantingen kunnen plaatselijke fauna en vogels hun plaats vinden (insectenhotels, hagen, nestkasten, beperkte afmetingen, enz.)<\/p>\n\n\n\n<p class=\"has-gris-color has-text-color\">Bovendien ligt ons <strong>4-sterrenhotel<\/strong> in een beschermd natuurgebied met een prachtig <a href=\"https:\/\/campingdulacbourgogne.com\/nl\/lakeside\/\" data-type=\"page\" data-id=\"522\">zwemmeer<\/a> en een bijzondere flora.  <\/p>\n<\/div>\n<\/div>\n\n\n\n<div class=\"wp-container-69d348f553303 wp-block-buttons\">\n<div class=\"wp-block-button is-style-outline\"><a class=\"wp-block-button__link has-gris-color has-text-color\" href=\"https:\/\/campingdulacbourgogne.com\/nl\/activiteiten\/\"><i class=\"fas fa-bell-concierge\"><\/i>  activiteiten aan het meer<\/a><\/div>\n<\/div>\n<\/div><\/div>\n<\/div><\/div>\n\n\n\n<section class=\"wp-container-69d348f553b70 wp-block-group\"><div class=\"wp-block-group__inner-container\">\n<div class=\"wp-block-columns\">\n<div class=\"wp-block-column\">\n<h2 id=\"un-etablissement-ecologique-et-ethique\">Een ecologische en ethische vestiging<\/h2>\n\n\n\n<p>Hier is een <strong>Indiaanse legende<\/strong>: op een dag was er een enorme bosbrand. Alle dieren keken hulpeloos toe hoe de ramp zich ontvouwde. Alleen een kolibrie was actief, op zoek naar wat druppels met zijn snavel. &#8220;Kolibrie! Ben je gek? Je kunt het vuur niet blussen met een paar druppels water! &#8220;En de kolibrie zei: &#8220;Ja, je hebt gelijk, maar ik doe mijn deel.<\/p>\n\n\n\n<p>Wij dragen dus ons steentje bij en besteden veel aandacht aan onze <strong>impact op het milieu en de maatschappij<\/strong>. Hier eten we biologisch, seizoensgebonden en lokaal voedsel, sorteren we ons afval, letten we op ons water- en elektriciteitsverbruik, recyclen we, gebruiken we ecologische huishoudelijke producten, organiseren we carpoolen, hebben we insectenhotels en composteren we (30% van ons afval is &#8216;groen afval&#8217;, dus er staat een compostbak voor u klaar. Kortom, zoveel kleine, maar simpele, alledaagse gebaren die zo nuttig zijn.<\/p>\n\n\n\n<p>Dit is de filosofie die wij met u delen door u <strong>een unieke ervaring<\/strong> dicht bij de natuur te bieden, op de <strong>4-sterren camping Lac de Saint Point<\/strong>.<\/p>\n<\/div>\n\n\n\n<div class=\"wp-block-column\">\n<figure class=\"wp-block-gallery alignfull has-nested-images columns-2 is-cropped deco--cadre-droite diaporama-mob\">\n<figure class=\"wp-block-image size-large\"><img width=\"960\" height=\"540\" src=\"https:\/\/campingdulacbourgogne.com\/wp-content\/uploads\/2022\/07\/vue-chalet-en-bois.jpg\" alt=\"\" class=\"wp-image-583\" srcset=\"https:\/\/campingdulacbourgogne.com\/wp-content\/uploads\/2022\/07\/vue-chalet-en-bois.jpg 960w, https:\/\/campingdulacbourgogne.com\/wp-content\/uploads\/2022\/07\/vue-chalet-en-bois-300x169.jpg 300w, https:\/\/campingdulacbourgogne.com\/wp-content\/uploads\/2022\/07\/vue-chalet-en-bois-768x432.jpg 768w\" sizes=\"(max-width: 960px) 100vw, 960px\" \/><\/figure>\n\n\n\n<figure class=\"wp-block-image size-large\"><img width=\"600\" height=\"800\" src=\"https:\/\/campingdulacbourgogne.com\/wp-content\/uploads\/2022\/07\/20201024_101245-scaled-e1606217368834.jpg\" alt=\"\" class=\"wp-image-581\" srcset=\"https:\/\/campingdulacbourgogne.com\/wp-content\/uploads\/2022\/07\/20201024_101245-scaled-e1606217368834.jpg 600w, https:\/\/campingdulacbourgogne.com\/wp-content\/uploads\/2022\/07\/20201024_101245-scaled-e1606217368834-225x300.jpg 225w\" sizes=\"(max-width: 600px) 100vw, 600px\" \/><\/figure>\n\n\n\n<figure class=\"wp-block-image size-large\"><img width=\"1024\" height=\"768\" src=\"https:\/\/campingdulacbourgogne.com\/wp-content\/uploads\/2022\/09\/bien-etre-et-paresse-1024x768.jpg\" alt=\"\" class=\"wp-image-1058\" srcset=\"https:\/\/campingdulacbourgogne.com\/wp-content\/uploads\/2022\/09\/bien-etre-et-paresse-1024x768.jpg 1024w, https:\/\/campingdulacbourgogne.com\/wp-content\/uploads\/2022\/09\/bien-etre-et-paresse-300x225.jpg 300w, https:\/\/campingdulacbourgogne.com\/wp-content\/uploads\/2022\/09\/bien-etre-et-paresse-768x576.jpg 768w, https:\/\/campingdulacbourgogne.com\/wp-content\/uploads\/2022\/09\/bien-etre-et-paresse-1536x1152.jpg 1536w, https:\/\/campingdulacbourgogne.com\/wp-content\/uploads\/2022\/09\/bien-etre-et-paresse-2048x1536.jpg 2048w\" sizes=\"(max-width: 1024px) 100vw, 1024px\" \/><\/figure>\n<\/figure>\n<\/div>\n<\/div>\n<\/div><\/section>\n","protected":false},"excerpt":{"rendered":"<p>Een 4-sterren camping voor welzijn en luieren Bij ons kun je goed slapen, wat je ook wilt. Of u nu geniet van het comfort van een chalet met uitzicht op onze prachtige vallei, of de voorkeur geeft aan het avontuur van kamperen in een caravan of het opzetten van uw tent in de schaduw op [&hellip;]<\/p>\n","protected":false},"author":1,"featured_media":0,"parent":0,"menu_order":0,"comment_status":"closed","ping_status":"closed","template":"","meta":[],"acf":[],"_links":{"self":[{"href":"https:\/\/campingdulacbourgogne.com\/nl\/wp-json\/wp\/v2\/pages\/1757"}],"collection":[{"href":"https:\/\/campingdulacbourgogne.com\/nl\/wp-json\/wp\/v2\/pages"}],"about":[{"href":"https:\/\/campingdulacbourgogne.com\/nl\/wp-json\/wp\/v2\/types\/page"}],"author":[{"embeddable":true,"href":"https:\/\/campingdulacbourgogne.com\/nl\/wp-json\/wp\/v2\/users\/1"}],"replies":[{"embeddable":true,"href":"https:\/\/campingdulacbourgogne.com\/nl\/wp-json\/wp\/v2\/comments?post=1757"}],"version-history":[{"count":2,"href":"https:\/\/campingdulacbourgogne.com\/nl\/wp-json\/wp\/v2\/pages\/1757\/revisions"}],"predecessor-version":[{"id":2056,"href":"https:\/\/campingdulacbourgogne.com\/nl\/wp-json\/wp\/v2\/pages\/1757\/revisions\/2056"}],"wp:attachment":[{"href":"https:\/\/campingdulacbourgogne.com\/nl\/wp-json\/wp\/v2\/media?parent=1757"}],"curies":[{"name":"wp","href":"https:\/\/api.w.org\/{rel}","templated":true}]}}