{"id":1787,"date":"2023-05-03T15:42:46","date_gmt":"2023-05-03T13:42:46","guid":{"rendered":"https:\/\/campingdulacbourgogne.com\/wettelijke-informatie\/"},"modified":"2023-05-03T15:42:46","modified_gmt":"2023-05-03T13:42:46","slug":"wettelijke-informatie","status":"publish","type":"page","link":"https:\/\/campingdulacbourgogne.com\/nl\/wettelijke-informatie\/","title":{"rendered":"Wettelijke informatie"},"content":{"rendered":"\n<figure class=\"wp-block-image alignfull size-full\"><img width=\"1600\" height=\"1005\" src=\"https:\/\/campingdulacbourgogne.com\/wp-content\/uploads\/2022\/07\/camping-lac-saint-point-header-image-home-bis.jpg\" alt=\"\" class=\"wp-image-571\" srcset=\"https:\/\/campingdulacbourgogne.com\/wp-content\/uploads\/2022\/07\/camping-lac-saint-point-header-image-home-bis.jpg 1600w, https:\/\/campingdulacbourgogne.com\/wp-content\/uploads\/2022\/07\/camping-lac-saint-point-header-image-home-bis-300x188.jpg 300w, https:\/\/campingdulacbourgogne.com\/wp-content\/uploads\/2022\/07\/camping-lac-saint-point-header-image-home-bis-1024x643.jpg 1024w, https:\/\/campingdulacbourgogne.com\/wp-content\/uploads\/2022\/07\/camping-lac-saint-point-header-image-home-bis-768x482.jpg 768w, https:\/\/campingdulacbourgogne.com\/wp-content\/uploads\/2022\/07\/camping-lac-saint-point-header-image-home-bis-1536x965.jpg 1536w\" sizes=\"(max-width: 1600px) 100vw, 1600px\" \/><\/figure>\n<h1 class=\"has-text-align-center\" id=\"mentions-legales\">Wettelijke informatie<\/h1>\n\n<section class=\"wp-container-69e1542166d37 wp-block-group\"><div class=\"wp-block-group__inner-container\">\n<div class=\"wp-block-columns\">\n<div class=\"wp-block-column\">\n<p class=\"titre has-sous-titre-font-size\"><strong><span itemprop=\"name\">Camping du lac de Saint Point<\/span><\/strong><br\/><span class=\"wrp_denomination\"><span>SARL LA SEBAYAN<\/span><\/span><\/p>\n\n\n\n<p><strong>Adres<\/strong>:  <span class=\"wrp_adresse\"><span itemprop=\"address\">Lac de Saint Point Lamartine, 71520 - Saint-Point<\/span><\/span> <span class=\"wrp_adresse2\"><span itemprop=\"address2\"><\/span><\/span><br\/><strong>Tel:<\/strong> <a itemprop=\"telephone\" href=\"tel:+33385405493\">03 85 40 54 93<\/a><br\/><strong>Mail:<\/strong> <a itemprop=\"email\" href=\"mailto:contact@campingdulacbourgogne.com\">contact@campingdulacbourgogne.com<\/a><br\/><strong>SIRET:<\/strong> <span class=\"wrp_siret\"><span>84821948100019<\/span><\/span><br\/><strong>RCS:<\/strong> <span class=\"wrp_rcs\"><span>Macon B 848 219 481<\/span><\/span><br\/><strong>BTW :<\/strong> <span class=\"wrp_tva\"><span>FR31848219481<\/span><\/span><br\/><strong>Kapitaal :<\/strong> <span class=\"wrp_capital\"><span>8 000,00 EURO<\/span><\/span><\/p>\n\n\n\n<p>De website <a href=\"https:\/\/campingdulacbourgogne.com\/nl\/\" itemprop=\"url\">campingdulacbourgogne.com\/nl\/<\/a> wordt gehost door het bedrijf <strong>Niwanet<\/strong>.<\/p>\n\n\n\n<p><strong>FRANCECOM, Web Agency<br\/><\/strong>2, Boulevard Jean Moulin 44100 NANTES<br\/><strong>Tel<\/strong>: 02 51 80 88 88<br\/><strong>Fax<\/strong>: 02 51 80 88 87<br\/><strong>Web<\/strong>: <a rel=\"noreferrer noopener\" href=\"http:\/\/www.francecom.com\/\" target=\"_blank\">www.francecom.fr<\/a><br\/>RCS : Nantes B 410 557 151<br\/>SIRET : 41055715100033<\/p>\n\n\n\n<p>Het raadplegen van de website <a href=\"https:\/\/campingdulacbourgogne.com\/nl\/\" itemprop=\"url\">campingdulacbourgogne.com\/nl\/<\/a> is onderworpen aan de volledige aanvaarding en naleving door de internetgebruikers van de volgende gebruiksvoorwaarden.<\/p>\n\n\n\n<p>De internetgebruiker verbindt zich ertoe de informatie op de site voor persoonlijke en niet-commerci\u00eble doeleinden te gebruiken. In geval van niet-naleving van de bepalingen van dit Handvest door de internetgebruiker kan deze burgerlijk en\/of strafrechtelijk aansprakelijk worden gesteld.<\/p>\n\n\n\n<h2 id=\"contenu-du-site\">Inhoud van de site<\/h2>\n\n\n\n<p>De site wordt beheerd door het bedrijf <strong>\n  <strong>\n    <span itemprop=\"name\">Camping du lac de Saint Point<\/span>\n  <\/strong>\n<\/strong>.<\/p>\n\n\n\n<p>De site presenteert de activiteiten van het bedrijf <strong>\n  <strong>\n    <span itemprop=\"name\">Camping du lac de Saint Point<\/span>\n  <\/strong>\n<\/strong>.<\/p>\n\n\n\n<h2 id=\"propriete-intellectuelle\">Intellectueel eigendom<\/h2>\n\n\n\n<p>De Site <a href=\"https:\/\/campingdulacbourgogne.com\/nl\/\" itemprop=\"url\">campingdulacbourgogne.com\/nl\/<\/a> vormt een werk waarvan <strong>Francecom<\/strong> de auteur is in de zin van de artikelen L111.1 en volgende van het Wetboek van Intellectuele Eigendom.<\/p>\n\n\n\n<p>In het algemeen zijn de gegevens, programma&#8217;s, muzikale voorbeelden, teksten, informatie, logo&#8217;s, visuele identiteiten, afbeeldingen, al dan niet geanimeerd, en hun opmaak die op de Site <a href=\"https:\/\/campingdulacbourgogne.com\/nl\/\" itemprop=\"url\">campingdulacbourgogne.com\/nl\/<\/a> verschijnen, eigendom van <strong>Francecom<\/strong> (met uitzondering van foto&#8217;s van het bedrijf.  <strong><strong><strong><span itemprop=\"name\">Camping du lac de Saint Point<\/span><\/strong><\/strong><\/strong>  en teksten geschreven door het bedrijf  <strong><strong><strong><span itemprop=\"name\">Camping du lac de Saint Point<\/span><\/strong><\/strong><\/strong>) en worden derhalve beschermd door de bepalingen van de wet op de intellectuele eigendom.<\/p>\n\n\n\n<p>Elke internetgebruiker verbindt zich ertoe deze niet te gebruiken en niemand toe te staan deze inhoud voor illegale doeleinden te gebruiken.<\/p>\n\n\n\n<p>Elke weergave of reproductie, geheel of gedeeltelijk, permanent of tijdelijk, op een computer- en\/of papieren drager, en met welk middel dan ook (met name door framing*), van een van de elementen van de Site  <a href=\"https:\/\/campingdulacbourgogne.com\/nl\/\" itemprop=\"url\">campingdulacbourgogne.com\/nl\/<\/a>  of te koop aangeboden diensten, zonder voorafgaande en uitdrukkelijke toestemming van <strong>Francecom<\/strong> is verboden, en vormt een daad van namaak, die kan leiden tot civiele en\/of strafrechtelijke sancties. Alleen kopie\u00ebn op papier zijn toegestaan voor priv\u00e9-kopie\u00ebn voor het exclusieve gebruik van de kopieerder in de zin van artikel L122-5 2\u00b0 van het wetboek van intellectuele eigendom.<\/p>\n\n\n\n<p>Geen enkele hypertext link naar de Site <a href=\"https:\/\/campingdulacbourgogne.com\/nl\/\" itemprop=\"url\">campingdulacbourgogne.com\/nl\/<\/a> mag worden ge\u00efnstalleerd zonder voorafgaande en uitdrukkelijke toestemming van <strong>Francecom<\/strong>.<\/p>\n\n\n\n<p>*De handeling waarbij de inhoud van pagina&#8217;s op een website wordt overgenomen en door middel van een hyperlink naar de eigen website wordt overgebracht, zodat het lijkt alsof de inhoud van die pagina&#8217;s van jezelf is.<\/p>\n\n\n\n<h2 id=\"credits-photos\">Foto&#8217;s<\/h2>\n\n\n\n<p>Foto&#8217;s zijn niet contractueel.<br\/>Etienne Ramousse<\/p>\n<\/div>\n\n\n\n<div class=\"wp-block-column\">\n<h2 id=\"responsabilite\">Verantwoordelijkheid<\/h2>\n\n\n\n<p>Het bedrijf<strong> <strong><span itemprop=\"name\">Camping du lac de Saint Point<\/span><\/strong><\/strong> wijst alle verantwoordelijkheid af voor eventuele storingen op de site <a href=\"https:\/\/campingdulacbourgogne.com\/nl\/\" itemprop=\"url\">campingdulacbourgogne.com\/nl\/<\/a> die leiden tot verlies van gegevens of onbeschikbaarheid van de op de site geproduceerde informatie.<\/p>\n\n\n\n<p>De op de website <a href=\"https:\/\/campingdulacbourgogne.com\/nl\/\" itemprop=\"url\">campingdulacbourgogne.com\/nl\/<\/a> gepresenteerde elementen kunnen zonder voorafgaande kennisgeving worden gewijzigd en worden de internetgebruikers ter beschikking gesteld zonder enige uitdrukkelijke of stilzwijgende garantie.<\/p>\n\n\n\n<p>De aanwezigheid van hyperlinks op de website <a href=\"https:\/\/campingdulacbourgogne.com\/nl\/\" itemprop=\"url\">campingdulacbourgogne.com\/nl\/<\/a> &#8211; ongeacht of de vennootschap daarvoor vooraf toestemming heeft gegeven of niet &#8211; schept geen solidaire aansprakelijkheid tussen de vennootschap en de eigenaars van de andere sites voor de inhoud van de sites waarnaar de gebruiker wordt doorverwezen. <strong>\n  <strong>\n    <strong>\n      <span itemprop=\"name\">Camping du lac de Saint Point<\/span>\n    <\/strong>\n  <\/strong>\n<\/strong> &#8211; cre\u00ebert geen solidaire aansprakelijkheid tussen deze laatste en de eigenaars van de andere sites, wat betreft de inhoud van de sites waarop de internetgebruiker wordt doorgestuurd.<\/p>\n\n\n\n<p>Het bedrijf  <strong><strong><strong><span itemprop=\"name\">Camping du lac de Saint Point<\/span><\/strong><\/strong><\/strong>  kan de volledigheid en juistheid van de informatie op de website <a href=\"https:\/\/campingdulacbourgogne.com\/nl\/\" itemprop=\"url\">campingdulacbourgogne.com\/nl\/<\/a> niet garanderen. Evenmin kan zij garanderen dat de site niet door een derde wordt gewijzigd (inbraak, virus).<\/p>\n\n\n\n<p>Bovendien is de internetgebruiker als enige verantwoordelijk voor het gebruik dat hij maakt van de inhoud van de website <a href=\"https:\/\/campingdulacbourgogne.com\/nl\/\" itemprop=\"url\">campingdulacbourgogne.com\/nl\/<\/a>. Behalve in geval van grove nalatigheid van het bedrijf  <strong><strong><strong><span itemprop=\"name\">Camping du lac de Saint Point<\/span><\/strong><\/strong><\/strong>Indien de op de website <a href=\"https:\/\/campingdulacbourgogne.com\/nl\/\" itemprop=\"url\">campingdulacbourgogne.com\/nl\/<\/a> verstrekte informatie wordt gebruikt voor een ander doel dan waarvoor zij bestemd is, is het bedrijf niet aansprakelijk voor enige directe of indirecte schade die voortvloeit uit het gebruik van de op de website verstrekte informatie.<\/p>\n\n\n\n<h2 id=\"loi-applicable-et-competence-judiciaire\">Toepasselijk recht en jurisdictie<\/h2>\n\n\n\n<p>Alle op de website <a href=\"https:\/\/campingdulacbourgogne.com\/nl\/\" itemprop=\"url\">campingdulacbourgogne.com\/nl\/<\/a> gepubliceerde informatie en het gebruik ervan zijn uitsluitend onderworpen aan het Franse recht. Alleen de rechtbanken binnen het rechtsgebied van het<strong> Hof van Beroep <span class=\"wrp_cours_appel\"><span>de Dijon<\/span><\/span><\/strong> zijn bevoegd om kennis te nemen van eventuele geschillen die voortvloeien uit het gebruik van de website <a href=\"https:\/\/campingdulacbourgogne.com\/nl\/\" itemprop=\"url\">campingdulacbourgogne.com\/nl\/<\/a>.<br\/><\/p>\n\n\n\n<p><strong>CM2C<\/strong><br\/>14 rue Saint Jean<br\/>75017 Parijs<br\/><a href=\"https:\/\/cm2c.net\/\" target=\"_blank\" rel=\"noreferrer noopener\">https:\/\/cm2c.net<\/a><br\/><a href=\"mailto:cm2c@cm2c.net\">cm2c@cm2c.net<\/a><\/p>\n\n\n\n<h2 id=\"condition-generales-de-ventes\">Algemene verkoopvoorwaarden<\/h2>\n\n\n\n<p>Op de website <a href=\"https:\/\/campingdulacbourgogne.com\/nl\/\" itemprop=\"url\">campingdulacbourgogne.com\/nl\/<\/a> kunnen geen aankopen worden gedaan. De algemene verkoopvoorwaarden zijn beschikbaar in de rubriek Documenten om te downloaden, of op aanvraag op het adres  <strong><strong><a itemprop=\"email\" href=\"mailto:contact@campingdulacbourgogne.com\">contact@campingdulacbourgogne.com<\/a><\/strong><\/strong><\/p>\n\n\n\n<h2 id=\"informations-relatives-aux-cookies-sur-notre-site\">Informatie over cookies op onze site<\/h2>\n\n\n\n<p>Gedetailleerde informatie over cookies en hoe ze op de site worden behandeld is hier beschikbaar: <a href=\"https:\/\/campingdulacbourgogne.com\/nl\/cookiebeleid-eu\/\" data-type=\"page\" data-id=\"126\">Cookiebeleid (EU)<\/a><\/p>\n\n\n\n<p>Meer informatie over het gebruik van cookies vindt u op de website van de CNIL: <strong>\n  <a rel=\"noreferrer noopener\" href=\"http:\/\/www.cnil.fr\/vos-droits\/vos-traces\/les-cookies\/\" target=\"_blank\">www.cnil.fr\/vos-droits\/vos-traces\/les-cookies\/<\/a>\n<\/strong><\/p>\n\n\n\n<p><strong>Informatie over het privacybeleid en het beheer van persoonsgegevens:<\/strong><\/p>\n\n\n\n<p>Gedetailleerde informatie over het <a href=\"https:\/\/campingdulacbourgogne.com\/nl\/privacy-en-persoonsgegevens\/\">privacybeleid en het beheer van persoonsgegevens<\/a><\/p>\n<\/div>\n<\/div>\n<\/div><\/section>\n","protected":false},"excerpt":{"rendered":"<p>Wettelijke informatie Adres: Tel: Mail: SIRET: RCS: BTW : Kapitaal : De website wordt gehost door het bedrijf Niwanet. FRANCECOM, Web Agency2, Boulevard Jean Moulin 44100 NANTESTel: 02 51 80 88 88Fax: 02 51 80 88 87Web: www.francecom.frRCS : Nantes B 410 557 151SIRET : 41055715100033 Het raadplegen van de website is onderworpen aan de [&hellip;]<\/p>\n","protected":false},"author":1,"featured_media":0,"parent":0,"menu_order":0,"comment_status":"closed","ping_status":"closed","template":"","meta":[],"acf":[],"_links":{"self":[{"href":"https:\/\/campingdulacbourgogne.com\/nl\/wp-json\/wp\/v2\/pages\/1787"}],"collection":[{"href":"https:\/\/campingdulacbourgogne.com\/nl\/wp-json\/wp\/v2\/pages"}],"about":[{"href":"https:\/\/campingdulacbourgogne.com\/nl\/wp-json\/wp\/v2\/types\/page"}],"author":[{"embeddable":true,"href":"https:\/\/campingdulacbourgogne.com\/nl\/wp-json\/wp\/v2\/users\/1"}],"replies":[{"embeddable":true,"href":"https:\/\/campingdulacbourgogne.com\/nl\/wp-json\/wp\/v2\/comments?post=1787"}],"version-history":[{"count":1,"href":"https:\/\/campingdulacbourgogne.com\/nl\/wp-json\/wp\/v2\/pages\/1787\/revisions"}],"predecessor-version":[{"id":1788,"href":"https:\/\/campingdulacbourgogne.com\/nl\/wp-json\/wp\/v2\/pages\/1787\/revisions\/1788"}],"wp:attachment":[{"href":"https:\/\/campingdulacbourgogne.com\/nl\/wp-json\/wp\/v2\/media?parent=1787"}],"curies":[{"name":"wp","href":"https:\/\/api.w.org\/{rel}","templated":true}]}}